{"id":635,"date":"2016-05-18T11:15:17","date_gmt":"2016-05-18T09:15:17","guid":{"rendered":"http:\/\/enigmarium.hr\/?page_id=635&#038;lang=en"},"modified":"2020-03-30T10:48:29","modified_gmt":"2020-03-30T08:48:29","slug":"iq-en","status":"publish","type":"page","link":"https:\/\/enigmarium.hr\/en\/iq-en\/","title":{"rendered":"iq-EN"},"content":{"rendered":"<p><div class=\"fusion-fullwidth fullwidth-box fusion-builder-row-1 hundred-percent-fullwidth non-hundred-percent-height-scrolling\" style=\"--awb-border-radius-top-left:0px;--awb-border-radius-top-right:0px;--awb-border-radius-bottom-right:0px;--awb-border-radius-bottom-left:0px;--awb-overflow:visible;--awb-margin-top:20px;--awb-margin-bottom:20px;--awb-background-color:rgba(255,255,255,0);--awb-flex-wrap:wrap;\" ><div class=\"fusion-builder-row fusion-row\"><div class=\"fusion-layout-column fusion_builder_column fusion-builder-column-0 fusion_builder_column_1_1 1_1 fusion-one-full fusion-column-first fusion-column-last fusion-column-no-min-height\" style=\"--awb-bg-size:cover;--awb-margin-bottom:0px;\"><div class=\"fusion-column-wrapper fusion-flex-column-wrapper-legacy\"><div class=\"fusion-sep-clear\"><\/div><div class=\"fusion-separator fusion-full-width-sep\" style=\"margin-left: auto;margin-right: auto;width:100%;\"><\/div><div class=\"fusion-sep-clear\"><\/div>\n<h1>Prihva\u0107ate li izazov??<\/h1>\n<div class=\"fusion-clearfix\"><\/div><\/div><\/div><\/div><\/div><div class=\"fusion-fullwidth fullwidth-box fusion-builder-row-2 hundred-percent-fullwidth non-hundred-percent-height-scrolling\" style=\"--awb-border-radius-top-left:0px;--awb-border-radius-top-right:0px;--awb-border-radius-bottom-right:0px;--awb-border-radius-bottom-left:0px;--awb-overflow:visible;--awb-flex-wrap:wrap;\" ><div class=\"fusion-builder-row fusion-row\"><div class=\"fusion-layout-column fusion_builder_column fusion-builder-column-1 fusion_builder_column_2_3 2_3 fusion-two-third fusion-column-first\" style=\"--awb-bg-size:cover;width:65.3333%; margin-right: 4%;\"><div class=\"fusion-column-wrapper fusion-flex-column-wrapper-legacy\">\n<h4>Dobrodo\u0161li u Escape Room ENIGMARIUM\u00ae<\/h4>\n<h4>Zabavno, originalno i jedinstveno isku\u0161enje: bijeg iz zaklju\u010dane sobe u sat vremena!<\/h4>\n<p>Jedinstveno 5D iskustvo u prvoj escape room igri potpuno stopljenoj sa zagreba\u010dkom pro\u0161losti. \u010ceka vas odli\u010dna zabava i puno neo\u010dekivanih iznena\u0111enja! Nikad vi\u0111ene zagonetke, high tech gadgeti i izvrstan tijek igre dr\u017eati \u0107e vas zadivljenima do posljednje minute!<\/p>\n<p>Otkrijte stvarnu pri\u010du o prekrasnoj i nevinoj Barici Cindek, koja je 1743. godine progla\u0161ena vje\u0161ticom i prijeti joj spaljivanje na loma\u010di. Njena sudbina je sada u va\u0161im rukama! Mo\u017eete li prona\u0107i prolaz u 18. stolje\u0107e i spasiti je od loma\u010de?<\/p>\n<p>To ne znamo! Ali znamo da vas \u010deka sat vremena nezaboravne pustolovine!<\/p>\n<div class=\"fusion-clearfix\"><\/div><\/div><\/div>\n<div class=\"fusion-layout-column fusion_builder_column fusion-builder-column-2 fusion_builder_column_1_3 1_3 fusion-one-third fusion-column-last\" style=\"--awb-bg-size:cover;width:30.6666%;\"><div class=\"fusion-column-wrapper fusion-flex-column-wrapper-legacy\">\n<div class=\"fusion-slider-sc fusion-flexslider-loading flexslider flexslider-hover-type-liftup\" data-slideshow_autoplay=\"1\" data-slideshow_smooth_height=\"0\" data-slideshow_speed=\"7000\" style=\"max-width:100%;height:100%;\"><ul class=\"slides\"><li class=\"image\"><span class=\"fusion-image-hover-element hover-type-liftup\"><img decoding=\"async\" src=\"http:\/\/enigmarium.hr\/wp-content\/uploads\/2015\/06\/Escape-Room-Zagreb-vjestica-0.jpg\" \/><\/span><\/li><li class=\"image\"><span class=\"fusion-image-hover-element hover-type-liftup\"><img decoding=\"async\" src=\"http:\/\/enigmarium.hr\/wp-content\/uploads\/2015\/06\/Escape-Room-Zagreb-vjestica-1.jpg\" \/><\/span><\/li><li class=\"image\"><span class=\"fusion-image-hover-element hover-type-liftup\"><img decoding=\"async\" src=\"http:\/\/enigmarium.hr\/wp-content\/uploads\/2015\/06\/Escape-Room-Zagreb-vjestica-3.jpg\" \/><\/span><\/li><li class=\"image\"><span class=\"fusion-image-hover-element hover-type-liftup\"><img decoding=\"async\" src=\"http:\/\/enigmarium.hr\/wp-content\/uploads\/2015\/06\/Escape-Room-Zagreb-vjestica-2.jpg\" \/><\/span><\/li><li class=\"image\"><span class=\"fusion-image-hover-element hover-type-liftup\"><img decoding=\"async\" src=\"http:\/\/enigmarium.hr\/wp-content\/uploads\/2015\/06\/Escape-Room-Zagreb-vjestica-4.jpg\" \/><\/span><\/li><\/ul><\/div>\n<div class=\"fusion-clearfix\"><\/div><\/div><\/div>\n<div class=\"fusion-layout-column fusion_builder_column fusion-builder-column-3 fusion_builder_column_1_1 1_1 fusion-one-full fusion-column-first fusion-column-last fusion-column-no-min-height\" style=\"--awb-bg-size:cover;--awb-margin-bottom:0px;\"><div class=\"fusion-column-wrapper fusion-flex-column-wrapper-legacy\"><div class=\"fusion-sep-clear\"><\/div><div class=\"fusion-separator fusion-full-width-sep\" style=\"margin-left: auto;margin-right: auto;margin-top:10px;margin-bottom:10px;width:100%;\"><div class=\"fusion-separator-border sep-single sep-solid\" style=\"--awb-height:20px;--awb-amount:20px;border-color:#3e3e3e;border-top-width:1px;\"><\/div><\/div><div class=\"fusion-sep-clear\"><\/div>\n<div class=\"fusion-clearfix\"><\/div><\/div><\/div><div class=\"fusion-layout-column fusion_builder_column fusion-builder-column-4 fusion_builder_column_2_3 2_3 fusion-two-third fusion-column-first\" style=\"--awb-bg-size:cover;width:66.666666666667%;width:calc(66.666666666667% - ( ( 4% ) * 0.66666666666667 ) );margin-right: 4%;\"><div class=\"fusion-column-wrapper fusion-flex-column-wrapper-legacy\">\n<h2>Rezervirajte termin, unesite KOD i o\u010dekuje vas poklon<\/h2>\n<p><strong>Cijena<\/strong>\u00a0igre je <strong>450 kuna\u00a0<\/strong>(90-225 kn po osobi). Sastavite ekipu (najmanje dva, a najvi\u0161e pet igra\u010da), izaberite dan i sat i rezervirajte termin putem booking sustava koji se nalazi dolje:<\/p>\n<ol>\n<li><strong>izberite<\/strong>\u00a0slobodan\u00a0<strong>termin<\/strong><\/li>\n<li>upi\u0161ite svoje <strong>podatke<\/strong><\/li>\n<li>u polje za upis koda upi\u0161ite <strong>svoj kod<\/strong> kako biste nakon odigrane igre dobili poklon<\/li>\n<li>odaberite pla\u0107anje na lokaciji (gotovina i kartice) ili\u00a0platite odmah online putem PayPala*<\/li>\n<\/ol>\n<p>Termine imamo\u00a0<strong>svaki dan<\/strong>\u00a0u\u00a0<strong>11h, 13h, 15h, 17h, 19h<\/strong>, i\u00a0<strong>21h<\/strong>\u00a0sat.<br \/>\nRezervacije termina putem internetske stranice su obavezne jer Escape Room Enigmarium\u00ae otvara svoja vrata samo za prethodno rezervirani termin. U slu\u010daju bilo kakvih pitanja nazovite nas na +385 (0)1 581 04 01!<\/p>\n<p>*U slu\u010daju da nemate <a href=\"https:\/\/www.paypal.com\/\" target=\"_blank\" rel=\"noopener noreferrer\">PayPal<\/a> ra\u010dun i ne \u017eelite ga otvoriti, s ra\u010dunala mo\u017eete uplatiti i pomo\u0107u internetskog bankarstva. U tom slu\u010daju nas nazovite na +385 (0)1 581 04 01 ili pi\u0161ite na e-mail\u00a0<a href=\"mailto:info@enigmarium.hr\">info@enigmarium.hr<\/a>\u00a0pa \u0107emo vam dati podatke potrebne za uplatu.<div class=\"fusion-clearfix\"><\/div><\/div><\/div>\n<div class=\"fusion-layout-column fusion_builder_column fusion-builder-column-5 fusion_builder_column_1_3 1_3 fusion-one-third fusion-column-last\" style=\"--awb-bg-size:cover;width:33.333333333333%;width:calc(33.333333333333% - ( ( 4% ) * 0.33333333333333 ) );\"><div class=\"fusion-column-wrapper fusion-flex-column-wrapper-legacy\">\n<h2>Karta<\/h2>\n\t\t\t\t\t<script type=\"text\/javascript\">\r\n\t\t\t\t\t\tvar map_fusion_map_69df093419e94;\r\n\t\t\t\t\t\tvar markers = [];\r\n\t\t\t\t\t\tvar counter = 0;\r\n\t\t\t\t\t\t\t\t\t\t\t\t\t\t\t\t\t\t\t\tvar fusionMapNonce = 'ec8ccdd1b9';\r\n\t\t\t\t\t\t\t\t\t\t\t\tfunction fusion_run_map_fusion_map_69df093419e94() {\r\n\t\t\t\t\t\t\tjQuery ('#fusion_map_69df093419e94' ).fusion_maps( {\r\n\t\t\t\t\t\t\t\taddresses: [{\"address\":\"Krvavi most 3, Zagreb, Croatia\",\"infobox_content\":\"Krvavi most 3, Zagreb, Croatia\",\"coordinates\":false,\"cache\":true,\"latitude\":\"45.8147653\",\"longitude\":\"15.975910699999986\"}],\r\n\t\t\t\t\t\t\t\tanimations: false,\r\n\t\t\t\t\t\t\t\tinfobox_background_color: '',\r\n\t\t\t\t\t\t\t\tinfobox_styling: 'default',\r\n\t\t\t\t\t\t\t\tinfobox_text_color: '',\r\n\t\t\t\t\t\t\t\tmap_style: 'default',\r\n\t\t\t\t\t\t\t\tmap_type: 'roadmap',\r\n\t\t\t\t\t\t\t\tmarker_icon: '',\r\n\t\t\t\t\t\t\t\toverlay_color: '',\r\n\t\t\t\t\t\t\t\toverlay_color_hsl: {\"hue\":0,\"sat\":0,\"lum\":100},\r\n\t\t\t\t\t\t\t\tshow_address: true,\r\n\t\t\t\t\t\t\t\tscale_control: true,\r\n\t\t\t\t\t\t\t\tscrollwheel: false,\r\n\t\t\t\t\t\t\t\tzoom: 15,\r\n\t\t\t\t\t\t\t\tzoom_control: true,\r\n\t\t\t\t\t\t\t} );\r\n\t\t\t\t\t\t}\r\n\r\n\t\t\t\t\t\tgoogle.maps.event.addDomListener(window, 'load', fusion_run_map_fusion_map_69df093419e94);\r\n\t\t\t\t\t<\/script>\r\n\t\t\t\t\t<div class=\"shortcode-map fusion-google-map fusion-maps-js-type\" style=\"--awb-height:280px;\" id=\"fusion_map_69df093419e94\"><\/div>\n<div class=\"fusion-clearfix\"><\/div><\/div><\/div>\n<div style=\"background-color: #ffffff; padding: 1px;\">\n<p><script src=\"http:\/\/zagrebenigmarium.simplybook.me\/iframe\/pm_loader.php?width=860&amp;url=http:\/\/zagrebenigmarium.simplybook.me&amp;theme=&amp;layout=widget&amp;timeline=modern_week&amp;mobile_redirect=false&amp;\" type=\"text\/javascript\"><\/script><\/p>\n<\/div>\n<\/div><\/div><\/p>\n","protected":false},"excerpt":{"rendered":"","protected":false},"author":1,"featured_media":0,"parent":0,"menu_order":0,"comment_status":"closed","ping_status":"closed","template":"","meta":{"footnotes":""},"class_list":["post-635","page","type-page","status-publish","hentry"],"yoast_head":"<!-- This site is optimized with the Yoast SEO plugin v26.8 - https:\/\/yoast.com\/product\/yoast-seo-wordpress\/ -->\n<title>iq-EN - Escape Room Enigmarium Zagreb<\/title>\n<meta name=\"robots\" content=\"index, follow, max-snippet:-1, max-image-preview:large, max-video-preview:-1\" \/>\n<link rel=\"canonical\" href=\"https:\/\/enigmarium.hr\/en\/iq-en\/\" \/>\n<meta property=\"og:locale\" content=\"en_US\" \/>\n<meta property=\"og:type\" content=\"article\" \/>\n<meta property=\"og:title\" content=\"iq-EN - Escape Room Enigmarium Zagreb\" \/>\n<meta property=\"og:url\" content=\"https:\/\/enigmarium.hr\/en\/iq-en\/\" \/>\n<meta property=\"og:site_name\" content=\"Escape Room Enigmarium Zagreb\" \/>\n<meta property=\"article:modified_time\" content=\"2020-03-30T08:48:29+00:00\" \/>\n<meta name=\"twitter:card\" content=\"summary_large_image\" \/>\n<meta name=\"twitter:label1\" content=\"Est. reading time\" \/>\n\t<meta name=\"twitter:data1\" content=\"4 minutes\" \/>\n<script type=\"application\/ld+json\" class=\"yoast-schema-graph\">{\"@context\":\"https:\/\/schema.org\",\"@graph\":[{\"@type\":\"WebPage\",\"@id\":\"https:\/\/enigmarium.hr\/en\/iq-en\/\",\"url\":\"https:\/\/enigmarium.hr\/en\/iq-en\/\",\"name\":\"iq-EN - Escape Room Enigmarium Zagreb\",\"isPartOf\":{\"@id\":\"https:\/\/enigmarium.hr\/#website\"},\"datePublished\":\"2016-05-18T09:15:17+00:00\",\"dateModified\":\"2020-03-30T08:48:29+00:00\",\"breadcrumb\":{\"@id\":\"https:\/\/enigmarium.hr\/en\/iq-en\/#breadcrumb\"},\"inLanguage\":\"en-US\",\"potentialAction\":[{\"@type\":\"ReadAction\",\"target\":[\"https:\/\/enigmarium.hr\/en\/iq-en\/\"]}]},{\"@type\":\"BreadcrumbList\",\"@id\":\"https:\/\/enigmarium.hr\/en\/iq-en\/#breadcrumb\",\"itemListElement\":[{\"@type\":\"ListItem\",\"position\":1,\"name\":\"Home\",\"item\":\"https:\/\/enigmarium.hr\/en\/\"},{\"@type\":\"ListItem\",\"position\":2,\"name\":\"iq-EN\"}]},{\"@type\":\"WebSite\",\"@id\":\"https:\/\/enigmarium.hr\/#website\",\"url\":\"https:\/\/enigmarium.hr\/\",\"name\":\"Escape Room Enigmarium Zagreb\",\"description\":\"Escape Room Zagreb Enigmarium\",\"potentialAction\":[{\"@type\":\"SearchAction\",\"target\":{\"@type\":\"EntryPoint\",\"urlTemplate\":\"https:\/\/enigmarium.hr\/?s={search_term_string}\"},\"query-input\":{\"@type\":\"PropertyValueSpecification\",\"valueRequired\":true,\"valueName\":\"search_term_string\"}}],\"inLanguage\":\"en-US\"}]}<\/script>\n<!-- \/ Yoast SEO plugin. -->","yoast_head_json":{"title":"iq-EN - Escape Room Enigmarium Zagreb","robots":{"index":"index","follow":"follow","max-snippet":"max-snippet:-1","max-image-preview":"max-image-preview:large","max-video-preview":"max-video-preview:-1"},"canonical":"https:\/\/enigmarium.hr\/en\/iq-en\/","og_locale":"en_US","og_type":"article","og_title":"iq-EN - Escape Room Enigmarium Zagreb","og_url":"https:\/\/enigmarium.hr\/en\/iq-en\/","og_site_name":"Escape Room Enigmarium Zagreb","article_modified_time":"2020-03-30T08:48:29+00:00","twitter_card":"summary_large_image","twitter_misc":{"Est. reading time":"4 minutes"},"schema":{"@context":"https:\/\/schema.org","@graph":[{"@type":"WebPage","@id":"https:\/\/enigmarium.hr\/en\/iq-en\/","url":"https:\/\/enigmarium.hr\/en\/iq-en\/","name":"iq-EN - Escape Room Enigmarium Zagreb","isPartOf":{"@id":"https:\/\/enigmarium.hr\/#website"},"datePublished":"2016-05-18T09:15:17+00:00","dateModified":"2020-03-30T08:48:29+00:00","breadcrumb":{"@id":"https:\/\/enigmarium.hr\/en\/iq-en\/#breadcrumb"},"inLanguage":"en-US","potentialAction":[{"@type":"ReadAction","target":["https:\/\/enigmarium.hr\/en\/iq-en\/"]}]},{"@type":"BreadcrumbList","@id":"https:\/\/enigmarium.hr\/en\/iq-en\/#breadcrumb","itemListElement":[{"@type":"ListItem","position":1,"name":"Home","item":"https:\/\/enigmarium.hr\/en\/"},{"@type":"ListItem","position":2,"name":"iq-EN"}]},{"@type":"WebSite","@id":"https:\/\/enigmarium.hr\/#website","url":"https:\/\/enigmarium.hr\/","name":"Escape Room Enigmarium Zagreb","description":"Escape Room Zagreb Enigmarium","potentialAction":[{"@type":"SearchAction","target":{"@type":"EntryPoint","urlTemplate":"https:\/\/enigmarium.hr\/?s={search_term_string}"},"query-input":{"@type":"PropertyValueSpecification","valueRequired":true,"valueName":"search_term_string"}}],"inLanguage":"en-US"}]}},"_links":{"self":[{"href":"https:\/\/enigmarium.hr\/en\/wp-json\/wp\/v2\/pages\/635","targetHints":{"allow":["GET"]}}],"collection":[{"href":"https:\/\/enigmarium.hr\/en\/wp-json\/wp\/v2\/pages"}],"about":[{"href":"https:\/\/enigmarium.hr\/en\/wp-json\/wp\/v2\/types\/page"}],"author":[{"embeddable":true,"href":"https:\/\/enigmarium.hr\/en\/wp-json\/wp\/v2\/users\/1"}],"replies":[{"embeddable":true,"href":"https:\/\/enigmarium.hr\/en\/wp-json\/wp\/v2\/comments?post=635"}],"version-history":[{"count":3,"href":"https:\/\/enigmarium.hr\/en\/wp-json\/wp\/v2\/pages\/635\/revisions"}],"predecessor-version":[{"id":2296,"href":"https:\/\/enigmarium.hr\/en\/wp-json\/wp\/v2\/pages\/635\/revisions\/2296"}],"wp:attachment":[{"href":"https:\/\/enigmarium.hr\/en\/wp-json\/wp\/v2\/media?parent=635"}],"curies":[{"name":"wp","href":"https:\/\/api.w.org\/{rel}","templated":true}]}}