{"id":3006,"date":"2025-03-21T15:03:53","date_gmt":"2025-03-21T14:03:53","guid":{"rendered":"https:\/\/enigmarium.hr\/laboratorij-crne-kraljice\/"},"modified":"2025-03-25T09:35:15","modified_gmt":"2025-03-25T08:35:15","slug":"laboratorij-crne-kraljice","status":"publish","type":"page","link":"https:\/\/enigmarium.hr\/en\/laboratorij-crne-kraljice\/","title":{"rendered":"Laboratory of the Black Queen"},"content":{"rendered":"<p><div class=\"fusion-fullwidth fullwidth-box fusion-builder-row-1 nonhundred-percent-fullwidth non-hundred-percent-height-scrolling\" style=\"--awb-border-radius-top-left:0px;--awb-border-radius-top-right:0px;--awb-border-radius-bottom-right:0px;--awb-border-radius-bottom-left:0px;--awb-flex-wrap:wrap;\" ><div class=\"fusion-builder-row fusion-row\"><div class=\"fusion-layout-column fusion_builder_column fusion-builder-column-0 fusion_builder_column_1_1 1_1 fusion-one-full fusion-column-first fusion-column-last\" style=\"--awb-bg-size:cover;\"><div class=\"fusion-column-wrapper fusion-column-has-shadow fusion-flex-column-wrapper-legacy\"><div class=\"fusion-title title fusion-title-1 fusion-sep-none fusion-title-text fusion-title-size-two\"><h2 class=\"fusion-title-heading title-heading-left\" style=\"margin:0;\">NEW IN THE WORLD OF ESCAPE ROOM GAMES \u2013 MURDER MYSTERY ESCAPE<\/h2><\/div><div class=\"fusion-title title fusion-title-2 fusion-sep-none fusion-title-text fusion-title-size-three\" style=\"--awb-margin-bottom:0px;\"><h3 class=\"fusion-title-heading title-heading-left\" style=\"margin:0;\">Murder mystery room<\/h3><\/div><div class=\"fusion-title title fusion-title-3 fusion-sep-none fusion-title-text fusion-title-size-one\"><h1 class=\"fusion-title-heading title-heading-left\" style=\"margin:0;\">Laboratory of the Black Queen<\/h1><\/div><div class=\"fusion-reading-box-container reading-box-container-1 fusion-animated\" style=\"--awb-title-color:#f24a24;--awb-margin-top:0px;--awb-margin-bottom:30px;\" data-animationType=\"slideInLeft\" data-animationDuration=\"0.3\" data-animationOffset=\"top-into-view\" id=\"opozorilo\"><div class=\"reading-box\" style=\"background-color:#646464;border-width:0px;border-color:#ffffff;border-left-width:3px;border-left-color:var(--primary_color);border-style:solid;\"><div class=\"fusion-reading-box-flex\"><h2>If your desired time is not available and you can't book another time slot, please call +385 1 581 04 01. Sometimes we can make magic \ud83d\ude42<\/h2><\/div><\/div><\/div><div class=\"fusion-clearfix\"><\/div><\/div><\/div><\/div><\/div><div class=\"fusion-fullwidth fullwidth-box fusion-builder-row-2 nonhundred-percent-fullwidth non-hundred-percent-height-scrolling\" style=\"--awb-border-radius-top-left:0px;--awb-border-radius-top-right:0px;--awb-border-radius-bottom-right:0px;--awb-border-radius-bottom-left:0px;--awb-flex-wrap:wrap;\" ><div class=\"fusion-builder-row fusion-row\"><div class=\"fusion-layout-column fusion_builder_column fusion-builder-column-1 fusion_builder_column_1_3 1_3 fusion-one-third fusion-column-first\" style=\"--awb-bg-size:cover;width:33.333333333333%;width:calc(33.333333333333% - ( ( 4% + 4% ) * 0.33333333333333 ) );margin-right: 4%;\"><div class=\"fusion-column-wrapper fusion-column-has-shadow fusion-flex-column-wrapper-legacy\"><div class=\"fusion-text fusion-text-1\"><h2 style=\"text-align: center;\">Story<\/h2>\n<h4 style=\"text-align: center;\">It is well known that the Black Queen practiced witchcraft and magic. But she was not alone in this. Step into the past, into the secret cellar of the Medvedgrad fortress, where the Black Queen had her laboratory. Prepare your detective skills, carefully examine the laboratory, and discover who was helping the Black Queen in her misdeeds.<\/h4>\n<\/div><div class=\"fusion-clearfix\"><\/div><\/div><\/div><div class=\"fusion-layout-column fusion_builder_column fusion-builder-column-2 fusion_builder_column_1_3 1_3 fusion-one-third\" style=\"--awb-bg-size:cover;width:33.333333333333%;width:calc(33.333333333333% - ( ( 4% + 4% ) * 0.33333333333333 ) );margin-right: 4%;\"><div class=\"fusion-column-wrapper fusion-column-has-shadow fusion-flex-column-wrapper-legacy\"><div class=\"fusion-text fusion-text-2\"><h2 style=\"text-align: center;\">Price<\/h2>\n<h4 class=\"\" data-fontsize=\"13\" data-lineheight=\"20.02px\">The price is 85 EUR. This includes a visit to one of the rooms for a group of participants (min 2 and max 5 people), choose the day and time and book an appointment via the booking system below:<\/h4>\n<ol>\n<li><strong>Choose<\/strong>\u00a0a day and\u00a0<strong>book<\/strong>\u00a0available session<\/li>\n<li>Enter your contacting data<\/li>\n<li>Choose payment method \u2013 you can pay later at the spot (it\u2019s possible to pay with cash or credit card)<\/li>\n<\/ol>\n<\/div><div class=\"fusion-clearfix\"><\/div><\/div><\/div><div class=\"fusion-layout-column fusion_builder_column fusion-builder-column-3 fusion_builder_column_1_3 1_3 fusion-one-third fusion-column-last\" style=\"--awb-bg-size:cover;width:33.333333333333%;width:calc(33.333333333333% - ( ( 4% + 4% ) * 0.33333333333333 ) );\"><div class=\"fusion-column-wrapper fusion-column-has-shadow fusion-flex-column-wrapper-legacy\"><div class=\"fusion-text fusion-text-3\" style=\"--awb-text-transform:none;\"><h2 style=\"text-align: center;\">Enigmarium Zagreb<\/h2>\n<h4><span style=\"color: var(--h4_typography-color); font-family: var(--h4_typography-font-family); font-size: var(--h4_typography-font-size); font-style: var(--h4_typography-font-style,normal); font-weight: var(--h4_typography-font-weight); letter-spacing: var(--h4_typography-letter-spacing); text-align: center;\">Game type: Murder mystery<br \/>\n<\/span><span style=\"color: var(--h4_typography-color); font-family: var(--h4_typography-font-family); font-size: var(--h4_typography-font-size); font-style: var(--h4_typography-font-style,normal); font-weight: var(--h4_typography-font-weight); letter-spacing: var(--h4_typography-letter-spacing); text-align: center;\">Location: Krvavi most 3, Zagreb<br \/>\n<\/span><span style=\"color: var(--h4_typography-color); font-family: var(--h4_typography-font-family); font-size: var(--h4_typography-font-size); font-style: var(--h4_typography-font-style,normal); font-weight: var(--h4_typography-font-weight); letter-spacing: var(--h4_typography-letter-spacing); text-align: center;\">Duration: 75 minutes<br \/>\n<\/span><span style=\"font-style: var(--h4_typography-font-style,normal); font-weight: var(--h4_typography-font-weight); letter-spacing: var(--h4_typography-letter-spacing); text-align: center; font-size: var(--h4_typography-font-size); font-family: var(--h4_typography-font-family); color: var(--h4_typography-color);\">\u00a0<\/span><\/h4>\n<\/div><div class=\"fusion-clearfix\"><\/div><\/div><\/div><div class=\"fusion-layout-column fusion_builder_column fusion-builder-column-4 fusion_builder_column_1_1 1_1 fusion-one-full fusion-column-first fusion-column-last\" style=\"--awb-bg-size:cover;\"><div class=\"fusion-column-wrapper fusion-column-has-shadow fusion-flex-column-wrapper-legacy\"><div class=\"fusion-sep-clear\"><\/div><div class=\"fusion-separator fusion-full-width-sep\" style=\"margin-left: auto;margin-right: auto;margin-bottom:25px;width:100%;\"><div class=\"fusion-separator-border sep-single sep-solid\" style=\"--awb-height:20px;--awb-amount:20px;--awb-sep-color:#dbdbdb;border-color:#dbdbdb;border-top-width:1px;\"><\/div><\/div><div class=\"fusion-sep-clear\"><\/div><div class=\"fusion-clearfix\"><\/div><\/div><\/div><div class=\"fusion-layout-column fusion_builder_column fusion-builder-column-5 fusion_builder_column_1_2 1_2 fusion-one-half fusion-column-first\" style=\"--awb-bg-size:cover;width:50%;width:calc(50% - ( ( 4% ) * 0.5 ) );margin-right: 4%;\"><div class=\"fusion-column-wrapper fusion-column-has-shadow fusion-flex-column-wrapper-legacy\"><div class=\"fusion-text fusion-text-4\"><div class=\"fusion-layout-column fusion_builder_column fusion-builder-column-5 fusion_builder_column_1_2 1_2 fusion-one-half fusion-column-first\">\n<div class=\"fusion-column-wrapper fusion-flex-column-wrapper-legacy\">\n<div class=\"fusion-text fusion-text-5\">\n<h4 class=\"fusion-responsive-typography-calculated\" data-fontsize=\"13\" data-lineheight=\"20.02px\">Appointment reservations are required as Escape Room Enigmarium\u00ae opens its doors only for pre-booked appointments. If you want to book an appointment that starts in less than 3 hours, please call us.<\/h4>\n<\/div>\n<div class=\"fusion-clearfix\"><\/div>\n<\/div>\n<\/div>\n<\/div><div class=\"fusion-clearfix\"><\/div><\/div><\/div><div class=\"fusion-layout-column fusion_builder_column fusion-builder-column-6 fusion_builder_column_1_2 1_2 fusion-one-half fusion-column-last\" style=\"--awb-bg-size:cover;width:50%;width:calc(50% - ( ( 4% ) * 0.5 ) );\"><div class=\"fusion-column-wrapper fusion-column-has-shadow fusion-flex-column-wrapper-legacy\"><div class=\"fusion-slider-sc fusion-flexslider-loading flexslider flexslider-hover-type-liftup\" data-slideshow_autoplay=\"1\" data-slideshow_smooth_height=\"0\" data-slideshow_speed=\"7000\" style=\"max-width:100%;height:100%;\"><ul class=\"slides\"><li class=\"image\"><span class=\"fusion-image-hover-element hover-type-liftup\"><img decoding=\"async\" src=\"https:\/\/enigmarium.hr\/wp-content\/uploads\/2025\/03\/mystery-1.jpg\" width=\"1200\" height=\"900\" class=\"wp-image-2990\" srcset=\"https:\/\/enigmarium.hr\/wp-content\/uploads\/2025\/03\/mystery-1-200x150.jpg 200w, https:\/\/enigmarium.hr\/wp-content\/uploads\/2025\/03\/mystery-1-400x300.jpg 400w, https:\/\/enigmarium.hr\/wp-content\/uploads\/2025\/03\/mystery-1-600x450.jpg 600w, https:\/\/enigmarium.hr\/wp-content\/uploads\/2025\/03\/mystery-1-800x600.jpg 800w, https:\/\/enigmarium.hr\/wp-content\/uploads\/2025\/03\/mystery-1.jpg 1200w\" sizes=\"(max-width: 800px) 100vw, 600px\" \/><\/span><\/li><li class=\"image\"><span class=\"fusion-image-hover-element hover-type-liftup\"><img decoding=\"async\" src=\"https:\/\/enigmarium.hr\/wp-content\/uploads\/2025\/03\/mystery-3.jpg\" width=\"1200\" height=\"900\" class=\"wp-image-2988\" srcset=\"https:\/\/enigmarium.hr\/wp-content\/uploads\/2025\/03\/mystery-3-200x150.jpg 200w, https:\/\/enigmarium.hr\/wp-content\/uploads\/2025\/03\/mystery-3-400x300.jpg 400w, https:\/\/enigmarium.hr\/wp-content\/uploads\/2025\/03\/mystery-3-600x450.jpg 600w, https:\/\/enigmarium.hr\/wp-content\/uploads\/2025\/03\/mystery-3-800x600.jpg 800w, https:\/\/enigmarium.hr\/wp-content\/uploads\/2025\/03\/mystery-3.jpg 1200w\" sizes=\"(max-width: 800px) 100vw, 600px\" \/><\/span><\/li><li class=\"image\"><span class=\"fusion-image-hover-element hover-type-liftup\"><img decoding=\"async\" src=\"https:\/\/enigmarium.hr\/wp-content\/uploads\/2025\/03\/mystery-2.jpg\" width=\"1200\" height=\"900\" class=\"wp-image-2986\" srcset=\"https:\/\/enigmarium.hr\/wp-content\/uploads\/2025\/03\/mystery-2-200x150.jpg 200w, https:\/\/enigmarium.hr\/wp-content\/uploads\/2025\/03\/mystery-2-400x300.jpg 400w, https:\/\/enigmarium.hr\/wp-content\/uploads\/2025\/03\/mystery-2-600x450.jpg 600w, https:\/\/enigmarium.hr\/wp-content\/uploads\/2025\/03\/mystery-2-800x600.jpg 800w, https:\/\/enigmarium.hr\/wp-content\/uploads\/2025\/03\/mystery-2.jpg 1200w\" sizes=\"(max-width: 800px) 100vw, 600px\" \/><\/span><\/li><\/ul><\/div><div class=\"fusion-clearfix\"><\/div><\/div><\/div><div class=\"fusion-layout-column fusion_builder_column fusion-builder-column-7 fusion_builder_column_1_1 1_1 fusion-one-full fusion-column-first fusion-column-last\" style=\"--awb-bg-size:cover;\"><div class=\"fusion-column-wrapper fusion-column-has-shadow fusion-flex-column-wrapper-legacy\"><script src=\"\/\/widget.simplybook.it\/v2\/widget\/widget.js\" type=\"text\/javascript\"><\/script>\n<script type=\"text\/javascript\">\n    var widget = \nnew SimplybookWidget({\"widget_type\":\"iframe\",\"url\":\"https:\\\/\\\/zagrebenigmarium.simplybook.it\",\"theme\":\"default\",\"theme_settings\":{\"timeline_hide_unavailable\":\"1\",\"hide_past_days\":\"0\",\"timeline_show_end_time\":\"0\",\"timeline_modern_display\":\"as_slots\",\"sb_base_color\":\"#f24a24\",\"display_item_mode\":\"block\",\"booking_nav_bg_color\":\"#948c8a\",\"body_bg_color\":\"#f7f7f7\",\"sb_review_image\":\"\",\"dark_font_color\":\"#494949\",\"light_font_color\":\"#ffffff\",\"btn_color_1\":\"#75ab6c\",\"sb_company_label_color\":\"#ffffff\",\"hide_img_mode\":\"0\",\"show_sidebar\":\"1\",\"sb_busy\":\"#dad2ce\",\"sb_available\":\"#75ab6c\"},\"timeline\":\"modern\",\"datepicker\":\"top_calendar\",\"is_rtl\":false,\"app_config\":{\"clear_session\":0,\"allow_switch_to_ada\":0,\"predefined\":{\"provider\":\"7\",\"service\":\"4\"}}});\n<\/script><div class=\"fusion-clearfix\"><\/div><\/div><\/div><\/div><\/div><\/p>\n","protected":false},"excerpt":{"rendered":"","protected":false},"author":5,"featured_media":0,"parent":0,"menu_order":0,"comment_status":"closed","ping_status":"closed","template":"","meta":{"footnotes":""},"class_list":["post-3006","page","type-page","status-publish","hentry"],"yoast_head":"<!-- This site is optimized with the Yoast SEO plugin v26.8 - https:\/\/yoast.com\/product\/yoast-seo-wordpress\/ -->\n<title>Laboratory of the Black Queen - Escape Room Enigmarium Zagreb<\/title>\n<meta name=\"description\" content=\"Vodimo vas u zagreba\u010dku pro\u0161lost, u vrijeme kada je vladao progon vje\u0161tica! Mo\u017eete li prona\u0107i prolaz u 18. stolje\u0107e i spasiti nedu\u017enu \u017eenu od loma\u010de?\" \/>\n<meta name=\"robots\" content=\"index, follow, max-snippet:-1, max-image-preview:large, max-video-preview:-1\" \/>\n<link rel=\"canonical\" href=\"https:\/\/enigmarium.hr\/en\/laboratorij-crne-kraljice\/\" \/>\n<meta property=\"og:locale\" content=\"en_US\" \/>\n<meta property=\"og:type\" content=\"article\" \/>\n<meta property=\"og:title\" content=\"Laboratory of the Black Queen - Escape Room Enigmarium Zagreb\" \/>\n<meta property=\"og:description\" content=\"Vodimo vas u zagreba\u010dku pro\u0161lost, u vrijeme kada je vladao progon vje\u0161tica! Mo\u017eete li prona\u0107i prolaz u 18. stolje\u0107e i spasiti nedu\u017enu \u017eenu od loma\u010de?\" \/>\n<meta property=\"og:url\" content=\"https:\/\/enigmarium.hr\/en\/laboratorij-crne-kraljice\/\" \/>\n<meta property=\"og:site_name\" content=\"Escape Room Enigmarium Zagreb\" \/>\n<meta property=\"article:modified_time\" content=\"2025-03-25T08:35:15+00:00\" \/>\n<meta name=\"twitter:card\" content=\"summary_large_image\" \/>\n<meta name=\"twitter:label1\" content=\"Est. reading time\" \/>\n\t<meta name=\"twitter:data1\" content=\"2 minutes\" \/>\n<script type=\"application\/ld+json\" class=\"yoast-schema-graph\">{\"@context\":\"https:\/\/schema.org\",\"@graph\":[{\"@type\":\"WebPage\",\"@id\":\"https:\/\/enigmarium.hr\/en\/laboratorij-crne-kraljice\/\",\"url\":\"https:\/\/enigmarium.hr\/en\/laboratorij-crne-kraljice\/\",\"name\":\"Laboratory of the Black Queen - Escape Room Enigmarium Zagreb\",\"isPartOf\":{\"@id\":\"https:\/\/enigmarium.hr\/#website\"},\"datePublished\":\"2025-03-21T14:03:53+00:00\",\"dateModified\":\"2025-03-25T08:35:15+00:00\",\"description\":\"Vodimo vas u zagreba\u010dku pro\u0161lost, u vrijeme kada je vladao progon vje\u0161tica! Mo\u017eete li prona\u0107i prolaz u 18. stolje\u0107e i spasiti nedu\u017enu \u017eenu od loma\u010de?\",\"breadcrumb\":{\"@id\":\"https:\/\/enigmarium.hr\/en\/laboratorij-crne-kraljice\/#breadcrumb\"},\"inLanguage\":\"en-US\",\"potentialAction\":[{\"@type\":\"ReadAction\",\"target\":[\"https:\/\/enigmarium.hr\/en\/laboratorij-crne-kraljice\/\"]}]},{\"@type\":\"BreadcrumbList\",\"@id\":\"https:\/\/enigmarium.hr\/en\/laboratorij-crne-kraljice\/#breadcrumb\",\"itemListElement\":[{\"@type\":\"ListItem\",\"position\":1,\"name\":\"Home\",\"item\":\"https:\/\/enigmarium.hr\/en\/\"},{\"@type\":\"ListItem\",\"position\":2,\"name\":\"Laboratory of the Black Queen\"}]},{\"@type\":\"WebSite\",\"@id\":\"https:\/\/enigmarium.hr\/#website\",\"url\":\"https:\/\/enigmarium.hr\/\",\"name\":\"Escape Room Enigmarium Zagreb\",\"description\":\"Escape Room Zagreb Enigmarium\",\"potentialAction\":[{\"@type\":\"SearchAction\",\"target\":{\"@type\":\"EntryPoint\",\"urlTemplate\":\"https:\/\/enigmarium.hr\/?s={search_term_string}\"},\"query-input\":{\"@type\":\"PropertyValueSpecification\",\"valueRequired\":true,\"valueName\":\"search_term_string\"}}],\"inLanguage\":\"en-US\"}]}<\/script>\n<!-- \/ Yoast SEO plugin. -->","yoast_head_json":{"title":"Laboratory of the Black Queen - Escape Room Enigmarium Zagreb","description":"Vodimo vas u zagreba\u010dku pro\u0161lost, u vrijeme kada je vladao progon vje\u0161tica! Mo\u017eete li prona\u0107i prolaz u 18. stolje\u0107e i spasiti nedu\u017enu \u017eenu od loma\u010de?","robots":{"index":"index","follow":"follow","max-snippet":"max-snippet:-1","max-image-preview":"max-image-preview:large","max-video-preview":"max-video-preview:-1"},"canonical":"https:\/\/enigmarium.hr\/en\/laboratorij-crne-kraljice\/","og_locale":"en_US","og_type":"article","og_title":"Laboratory of the Black Queen - Escape Room Enigmarium Zagreb","og_description":"Vodimo vas u zagreba\u010dku pro\u0161lost, u vrijeme kada je vladao progon vje\u0161tica! Mo\u017eete li prona\u0107i prolaz u 18. stolje\u0107e i spasiti nedu\u017enu \u017eenu od loma\u010de?","og_url":"https:\/\/enigmarium.hr\/en\/laboratorij-crne-kraljice\/","og_site_name":"Escape Room Enigmarium Zagreb","article_modified_time":"2025-03-25T08:35:15+00:00","twitter_card":"summary_large_image","twitter_misc":{"Est. reading time":"2 minutes"},"schema":{"@context":"https:\/\/schema.org","@graph":[{"@type":"WebPage","@id":"https:\/\/enigmarium.hr\/en\/laboratorij-crne-kraljice\/","url":"https:\/\/enigmarium.hr\/en\/laboratorij-crne-kraljice\/","name":"Laboratory of the Black Queen - Escape Room Enigmarium Zagreb","isPartOf":{"@id":"https:\/\/enigmarium.hr\/#website"},"datePublished":"2025-03-21T14:03:53+00:00","dateModified":"2025-03-25T08:35:15+00:00","description":"Vodimo vas u zagreba\u010dku pro\u0161lost, u vrijeme kada je vladao progon vje\u0161tica! Mo\u017eete li prona\u0107i prolaz u 18. stolje\u0107e i spasiti nedu\u017enu \u017eenu od loma\u010de?","breadcrumb":{"@id":"https:\/\/enigmarium.hr\/en\/laboratorij-crne-kraljice\/#breadcrumb"},"inLanguage":"en-US","potentialAction":[{"@type":"ReadAction","target":["https:\/\/enigmarium.hr\/en\/laboratorij-crne-kraljice\/"]}]},{"@type":"BreadcrumbList","@id":"https:\/\/enigmarium.hr\/en\/laboratorij-crne-kraljice\/#breadcrumb","itemListElement":[{"@type":"ListItem","position":1,"name":"Home","item":"https:\/\/enigmarium.hr\/en\/"},{"@type":"ListItem","position":2,"name":"Laboratory of the Black Queen"}]},{"@type":"WebSite","@id":"https:\/\/enigmarium.hr\/#website","url":"https:\/\/enigmarium.hr\/","name":"Escape Room Enigmarium Zagreb","description":"Escape Room Zagreb Enigmarium","potentialAction":[{"@type":"SearchAction","target":{"@type":"EntryPoint","urlTemplate":"https:\/\/enigmarium.hr\/?s={search_term_string}"},"query-input":{"@type":"PropertyValueSpecification","valueRequired":true,"valueName":"search_term_string"}}],"inLanguage":"en-US"}]}},"_links":{"self":[{"href":"https:\/\/enigmarium.hr\/en\/wp-json\/wp\/v2\/pages\/3006","targetHints":{"allow":["GET"]}}],"collection":[{"href":"https:\/\/enigmarium.hr\/en\/wp-json\/wp\/v2\/pages"}],"about":[{"href":"https:\/\/enigmarium.hr\/en\/wp-json\/wp\/v2\/types\/page"}],"author":[{"embeddable":true,"href":"https:\/\/enigmarium.hr\/en\/wp-json\/wp\/v2\/users\/5"}],"replies":[{"embeddable":true,"href":"https:\/\/enigmarium.hr\/en\/wp-json\/wp\/v2\/comments?post=3006"}],"version-history":[{"count":3,"href":"https:\/\/enigmarium.hr\/en\/wp-json\/wp\/v2\/pages\/3006\/revisions"}],"predecessor-version":[{"id":3024,"href":"https:\/\/enigmarium.hr\/en\/wp-json\/wp\/v2\/pages\/3006\/revisions\/3024"}],"wp:attachment":[{"href":"https:\/\/enigmarium.hr\/en\/wp-json\/wp\/v2\/media?parent=3006"}],"curies":[{"name":"wp","href":"https:\/\/api.w.org\/{rel}","templated":true}]}}