{"id":1381,"date":"2017-05-23T12:08:23","date_gmt":"2017-05-23T10:08:23","guid":{"rendered":"http:\/\/enigmarium.hr\/?page_id=1381"},"modified":"2020-03-30T10:48:28","modified_gmt":"2020-03-30T08:48:28","slug":"activities-teambuildings-in-zagreb-unlock","status":"publish","type":"page","link":"https:\/\/enigmarium.hr\/en\/activities-teambuildings-in-zagreb-unlock\/","title":{"rendered":"Activities and Team Buildings in Zagreb &#8211; Unlock Zagreb"},"content":{"rendered":"<h1>Unlock Zagreb &#8211; Explore Zagreb in a Playful Urban Adventure! (for up to 100 people)<\/h1>\n<div class=\"fusion-fullwidth fullwidth-box fusion-builder-row-1 hundred-percent-fullwidth non-hundred-percent-height-scrolling\" style=\"--awb-border-radius-top-left:0px;--awb-border-radius-top-right:0px;--awb-border-radius-bottom-right:0px;--awb-border-radius-bottom-left:0px;--awb-overflow:visible;--awb-flex-wrap:wrap;\" ><div class=\"fusion-builder-row fusion-row\"><div class=\"fusion-layout-column fusion_builder_column fusion-builder-column-0 fusion_builder_column_1_1 1_1 fusion-one-full fusion-column-first fusion-column-last fusion-column-no-min-height\" style=\"--awb-bg-size:cover;--awb-margin-bottom:0px;\"><div class=\"fusion-column-wrapper fusion-flex-column-wrapper-legacy\">\n<div class=\"fusion-slider-revolution rev_slider_wrapper\">\t\t\t<!-- START Unlock  velike grupe REVOLUTION SLIDER 6.7.37 --><p class=\"rs-p-wp-fix\"><\/p>\n\t\t\t<rs-module-wrap id=\"rev_slider_6_1_wrapper\" data-source=\"gallery\" style=\"visibility:hidden;background:transparent;padding:0;margin:0px auto;margin-top:0;margin-bottom:0;\">\n\t\t\t\t<rs-module id=\"rev_slider_6_1\" style=\"\" data-version=\"6.7.37\">\n\t\t\t\t\t<rs-slides style=\"overflow: hidden; position: absolute;\">\n\t\t\t\t\t\t<rs-slide style=\"position: absolute;\" data-key=\"rs-32\" data-title=\"Slide\" data-thumb=\"\/\/enigmarium.hr\/wp-content\/uploads\/2017\/05\/unlock-zagreb-lj-velika-skupina-01-1-100x50.jpg\" data-anim=\"adpr:false;\">\n\t\t\t\t\t\t\t<img decoding=\"async\" src=\"\/\/enigmarium.hr\/wp-content\/plugins\/revslider\/sr6\/assets\/assets\/dummy.png\" alt=\"\" title=\"unlock-zagreb-lj-velika-skupina-01\" width=\"700\" height=\"420\" class=\"rev-slidebg tp-rs-img rs-lazyload\" data-lazyload=\"\/\/enigmarium.hr\/wp-content\/uploads\/2017\/05\/unlock-zagreb-lj-velika-skupina-01-1.jpg\" data-parallax=\"off\" data-no-retina>\n<!---->\t\t\t\t\t<\/rs-slide>\n\t\t\t\t\t\t<rs-slide style=\"position: absolute;\" data-key=\"rs-30\" data-title=\"Slide\" data-thumb=\"\/\/enigmarium.hr\/wp-content\/uploads\/2017\/05\/unlock-zagreb-lj-velika-skupina-00-100x50.jpg\" data-anim=\"adpr:false;\">\n\t\t\t\t\t\t\t<img decoding=\"async\" src=\"\/\/enigmarium.hr\/wp-content\/plugins\/revslider\/sr6\/assets\/assets\/dummy.png\" alt=\"\" title=\"unlock-zagreb-lj-velika-skupina-00\" width=\"600\" height=\"450\" class=\"rev-slidebg tp-rs-img rs-lazyload\" data-lazyload=\"\/\/enigmarium.hr\/wp-content\/uploads\/2017\/05\/unlock-zagreb-lj-velika-skupina-00.jpg\" data-parallax=\"off\" data-no-retina>\n<!---->\t\t\t\t\t<\/rs-slide>\n\t\t\t\t\t\t<rs-slide style=\"position: absolute;\" data-key=\"rs-31\" data-title=\"Slide\" data-thumb=\"\/\/enigmarium.hr\/wp-content\/uploads\/2017\/05\/unlock-zagreb-kovceg-650px-e1495535248170-100x50.jpg\" data-anim=\"adpr:false;\">\n\t\t\t\t\t\t\t<img decoding=\"async\" src=\"\/\/enigmarium.hr\/wp-content\/plugins\/revslider\/sr6\/assets\/assets\/dummy.png\" alt=\"\" title=\"unlock-zagreb-kovceg-650px\" width=\"200\" height=\"133\" class=\"rev-slidebg tp-rs-img rs-lazyload\" data-lazyload=\"\/\/enigmarium.hr\/wp-content\/uploads\/2017\/05\/unlock-zagreb-kovceg-650px-e1495535248170.jpg\" data-parallax=\"off\" data-no-retina>\n<!---->\t\t\t\t\t<\/rs-slide>\n\t\t\t\t\t\t<rs-slide style=\"position: absolute;\" data-key=\"rs-33\" data-title=\"Slide\" data-thumb=\"\/\/enigmarium.hr\/wp-content\/uploads\/2018\/11\/unlock-raiffeisen-team-building-web-100x50.jpg\" data-anim=\"adpr:false;\">\n\t\t\t\t\t\t\t<img decoding=\"async\" src=\"\/\/enigmarium.hr\/wp-content\/plugins\/revslider\/sr6\/assets\/assets\/dummy.png\" alt=\"teambuilding zagreb - raiffeisen banka\" title=\"teambuilding zagreb &#8211; raiffeisen banka\" width=\"950\" height=\"713\" class=\"rev-slidebg tp-rs-img rs-lazyload\" data-lazyload=\"\/\/enigmarium.hr\/wp-content\/uploads\/2018\/11\/unlock-raiffeisen-team-building-web.jpg\" data-parallax=\"off\" data-no-retina>\n<!---->\t\t\t\t\t<\/rs-slide>\n\t\t\t\t\t\t<rs-slide style=\"position: absolute;\" data-key=\"rs-34\" data-title=\"Slide\" data-thumb=\"\/\/enigmarium.hr\/wp-content\/uploads\/2018\/11\/unlock-small-web-100x50.jpg\" data-anim=\"adpr:false;\">\n\t\t\t\t\t\t\t<img decoding=\"async\" src=\"\/\/enigmarium.hr\/wp-content\/plugins\/revslider\/sr6\/assets\/assets\/dummy.png\" alt=\"ture zagreb za turiste\" title=\"ture zagreb za turiste\" width=\"800\" height=\"600\" class=\"rev-slidebg tp-rs-img rs-lazyload\" data-lazyload=\"\/\/enigmarium.hr\/wp-content\/uploads\/2018\/11\/unlock-small-web.jpg\" data-parallax=\"off\" data-no-retina>\n<!---->\t\t\t\t\t<\/rs-slide>\n\t\t\t\t\t<\/rs-slides>\n\t\t\t\t<\/rs-module>\n\t\t\t\t<script>\n\t\t\t\t\tsetREVStartSize({c: 'rev_slider_6_1',rl:[1240,1024,778,480],el:[],gw:[630,1024,778,480],gh:[430,768,960,720],type:'standard',justify:'',layout:'fullwidth',mh:\"0\"});if (window.RS_MODULES!==undefined && window.RS_MODULES.modules!==undefined && window.RS_MODULES.modules[\"revslider61\"]!==undefined) {window.RS_MODULES.modules[\"revslider61\"].once = false;window.revapi6 = undefined;if (window.RS_MODULES.checkMinimal!==undefined) window.RS_MODULES.checkMinimal()}\n\t\t\t\t<\/script>\n\t\t\t<\/rs-module-wrap>\n\t\t\t<!-- END REVOLUTION SLIDER -->\n<\/div>\n<h3><em>On an original journey through the city\u2019s historical centre 6 challenges await you! <\/em><\/h3>\n<h3>Unlock Zagreb\u2019s hidden secrets, discover the unknown and be pleasantly surprised &#8211; all while having great fun!<\/h3>\n<p>Great outdoor activity for:<\/p>\n<ul>\n<li>large group of Zagreb visitors<\/li>\n<li>congress participants<\/li>\n<li>teambuildings and<\/li>\n<li>whole school classes<\/li>\n<\/ul>\n<div class=\"fusion-sep-clear\"><\/div><div class=\"fusion-separator fusion-full-width-sep\" style=\"margin-left: auto;margin-right: auto;margin-top:10px;margin-bottom:10px;width:100%;\"><div class=\"fusion-separator-border sep-single sep-solid\" style=\"--awb-height:20px;--awb-amount:20px;border-color:#3e3e3e;border-top-width:1px;\"><\/div><\/div><div class=\"fusion-sep-clear\"><\/div><div class=\"fusion-text fusion-text-1\"><p>Some of our Unlock Adventure clients:<\/p>\n<p><img decoding=\"async\" class=\"alignnone wp-image-1397 size-full\" src=\"https:\/\/enigmarium.hr\/wp-content\/uploads\/2015\/10\/Ikea-Logo-120.jpg\" alt=\"Ikea Hrvatska Team Building\" width=\"120\" height=\"57\"> &nbsp; &nbsp;<img decoding=\"async\" class=\"alignnone wp-image-1743 size-full\" src=\"https:\/\/enigmarium.hr\/wp-content\/uploads\/2017\/05\/logo-reiffeisen.jpg\" alt=\"reiffeisen banka i enigmarium\" width=\"140\" height=\"47\"> &nbsp; &nbsp;<img decoding=\"async\" class=\"alignnone wp-image-1695 \" src=\"https:\/\/enigmarium.hr\/wp-content\/uploads\/2015\/10\/teambuilding-degordian-150x150.png\" alt=\"teambuilding degordian\" width=\"54\" height=\"54\" srcset=\"https:\/\/enigmarium.hr\/wp-content\/uploads\/2015\/10\/teambuilding-degordian-66x66.png 66w, https:\/\/enigmarium.hr\/wp-content\/uploads\/2015\/10\/teambuilding-degordian-150x150.png 150w, https:\/\/enigmarium.hr\/wp-content\/uploads\/2015\/10\/teambuilding-degordian.png 200w\" sizes=\"(max-width: 54px) 100vw, 54px\" \/> &nbsp; &nbsp;<img decoding=\"async\" class=\"alignnone size-full wp-image-1696\" src=\"https:\/\/enigmarium.hr\/wp-content\/uploads\/2015\/10\/teambuilding-dctravel.png\" alt=\"dc travel\" width=\"144\" height=\"44\"> &nbsp; &nbsp;<img decoding=\"async\" class=\"alignnone wp-image-1399 size-full\" src=\"https:\/\/enigmarium.hr\/wp-content\/uploads\/2015\/10\/Reviderm-140.jpg\" alt=\"Reviderm Zagreb\" width=\"140\" height=\"49\">&nbsp;&nbsp;&nbsp;<img decoding=\"async\" class=\"alignnone wp-image-1398 size-full\" src=\"https:\/\/enigmarium.hr\/wp-content\/uploads\/2015\/10\/logit-logo-120.png\" alt=\"Logit teambuilding\" width=\"120\" height=\"62\"><\/p>\n<\/div><div class=\"fusion-sep-clear\"><\/div><div class=\"fusion-separator fusion-full-width-sep\" style=\"margin-left: auto;margin-right: auto;margin-top:8px;margin-bottom:10px;width:100%;\"><div class=\"fusion-separator-border sep-single sep-solid\" style=\"--awb-height:20px;--awb-amount:20px;border-color:#3e3e3e;border-top-width:1px;\"><\/div><\/div><div class=\"fusion-sep-clear\"><\/div><div class=\"fusion-text fusion-text-2\"><\/div>\n<h3>The Story<\/h3>\n<p><strong>You mission: SAVING DUCHESS RU\u017dICA<\/strong><\/p>\n<p>Have you ever heard of the Bloody Bridge (Krvavi Most)? It was named after the fierce battles fought between the two neighbouring settlements, the diocesan Kaptol and the free royal settlement of Gradec (or Gri\u010d). It is also linked to the legend of the Duchess Ru\u017eica Gising and the Knight Pavo Slavini\u0107.<br \/>\nDo you dare to undergo six tests of chivalry that will show whether or not you\u2019ve got what it takes to be a knight?<\/p>\n<p>The evil Duke Grdun, who wants beautiful Ru\u017eica for himself, is on his way, so you must be quick! You have only one hour!<\/p>\n<h3>Price<\/h3>\n<p>The price of the Unlock Zagreb adventure game for larger groups depends on the number of players. Send us the details about your group via the contact form below and we\u2019ll get back to you with an offer:<br \/>\n1. Enter the required information in the form (let us know the date on which you wish to participate in the game).<br \/>\n2. We\u2019ll prepare and send you our offer.<\/p>\n<div class=\"fusion-sep-clear\"><\/div><div class=\"fusion-separator fusion-full-width-sep\" style=\"margin-left: auto;margin-right: auto;margin-top:10px;margin-bottom:40px;width:100%;\"><div class=\"fusion-separator-border sep-single sep-solid\" style=\"--awb-height:20px;--awb-amount:20px;border-color:#3e3e3e;border-top-width:1px;\"><\/div><\/div><div class=\"fusion-sep-clear\"><\/div>\n<div class=\"fusion-builder-row fusion-builder-row-inner fusion-row\"><\/div><div class=\"fusion-layout-column fusion_builder_column_inner fusion-builder-nested-column-0 fusion_builder_column_inner_1_2 1_2 fusion-one-half fusion-column-first\" style=\"--awb-bg-size:cover;width:48%; margin-right: 4%;\"><div class=\"fusion-column-wrapper fusion-flex-column-wrapper-legacy\"><div class=\"fusion-clearfix\"><\/div><\/div><\/div>\n<h2>Send us your information<\/h2>\n<p>Please fill in this form and we\u2019ll get back to you as soon as possible:<div class=\"fusion-clearfix\"><\/div><\/div><\/div><div class=\"fusion-layout-column fusion_builder_column fusion-builder-column-1 fusion_builder_column_1_1 1_1 fusion-one-full fusion-column-first fusion-column-last fusion-column-no-min-height\" style=\"--awb-bg-size:cover;--awb-margin-bottom:0px;\"><div class=\"fusion-column-wrapper fusion-flex-column-wrapper-legacy\">\n<div class=\"wpcf7 no-js\" id=\"wpcf7-f1347-o1\" lang=\"hr\" dir=\"ltr\" data-wpcf7-id=\"1347\">\n<div class=\"screen-reader-response\"><p role=\"status\" aria-live=\"polite\" aria-atomic=\"true\"><\/p> <ul><\/ul><\/div>\n<form action=\"\/en\/wp-json\/wp\/v2\/pages\/1381#wpcf7-f1347-o1\" method=\"post\" class=\"wpcf7-form init\" aria-label=\"Kontakt obrazac\" novalidate=\"novalidate\" data-status=\"init\">\n<fieldset class=\"hidden-fields-container\"><input type=\"hidden\" name=\"_wpcf7\" value=\"1347\" \/><input type=\"hidden\" name=\"_wpcf7_version\" value=\"6.1.4\" \/><input type=\"hidden\" name=\"_wpcf7_locale\" value=\"hr\" \/><input type=\"hidden\" name=\"_wpcf7_unit_tag\" value=\"wpcf7-f1347-o1\" \/><input type=\"hidden\" name=\"_wpcf7_container_post\" value=\"0\" \/><input type=\"hidden\" name=\"_wpcf7_posted_data_hash\" value=\"\" \/>\n<\/fieldset>\n<p><label> Your Name (mandatory)<br \/>\n<span class=\"wpcf7-form-control-wrap\" data-name=\"your-name\"><input size=\"40\" maxlength=\"400\" class=\"wpcf7-form-control wpcf7-text wpcf7-validates-as-required\" aria-required=\"true\" aria-invalid=\"false\" value=\"\" type=\"text\" name=\"your-name\" \/><\/span> <\/label>\n<\/p>\n<p><label> Company<br \/>\n<span class=\"wpcf7-form-control-wrap\" data-name=\"tvrtka\"><input size=\"40\" maxlength=\"400\" class=\"wpcf7-form-control wpcf7-text\" aria-invalid=\"false\" value=\"\" type=\"text\" name=\"tvrtka\" \/><\/span> <\/label>\n<\/p>\n<p><label> Phone number (mandatory)<br \/>\n<span class=\"wpcf7-form-control-wrap\" data-name=\"tel-766\"><input size=\"40\" maxlength=\"400\" class=\"wpcf7-form-control wpcf7-tel wpcf7-validates-as-required wpcf7-text wpcf7-validates-as-tel\" aria-required=\"true\" aria-invalid=\"false\" value=\"\" type=\"tel\" name=\"tel-766\" \/><\/span> <\/label>\n<\/p>\n<p><label> Your e-mail address (mandatory)<br \/>\n<span class=\"wpcf7-form-control-wrap\" data-name=\"your-email\"><input size=\"40\" maxlength=\"400\" class=\"wpcf7-form-control wpcf7-email wpcf7-validates-as-required wpcf7-text wpcf7-validates-as-email\" aria-required=\"true\" aria-invalid=\"false\" value=\"\" type=\"email\" name=\"your-email\" \/><\/span> <\/label>\n<\/p>\n<p><label> Number of game participants and the date (mandatory)<br \/>\n<span class=\"wpcf7-form-control-wrap\" data-name=\"your-message\"><textarea cols=\"40\" rows=\"10\" maxlength=\"2000\" class=\"wpcf7-form-control wpcf7-textarea\" aria-invalid=\"false\" name=\"your-message\"><\/textarea><\/span> <\/label>\n<\/p>\n<p>[recaptcha id:unlocken class:bar]\n<\/p>\n<p><input class=\"wpcf7-form-control wpcf7-submit has-spinner\" type=\"submit\" value=\"Send\" \/>\n<\/p><div class=\"fusion-alert alert custom alert-custom fusion-alert-center wpcf7-response-output awb-alert-native-link-color alert-dismissable awb-alert-close-boxed\" style=\"--awb-border-size:1px;--awb-border-top-left-radius:0px;--awb-border-top-right-radius:0px;--awb-border-bottom-left-radius:0px;--awb-border-bottom-right-radius:0px;\" role=\"alert\"><div class=\"fusion-alert-content-wrapper\"><span class=\"fusion-alert-content\"><\/span><\/div><button type=\"button\" class=\"close toggle-alert\" data-dismiss=\"alert\" aria-label=\"Close\">&times;<\/button><\/div>\n<\/form>\n<\/div>\n\n[\/fusion_builder_column_inner]\n<div class=\"fusion-clearfix\"><\/div><\/div><\/div><div class=\"fusion-layout-column fusion_builder_column fusion-builder-column-2 fusion_builder_column_1_2 1_2 fusion-one-half fusion-column-first\" style=\"--awb-bg-size:cover;width:48%; margin-right: 4%;\"><div class=\"fusion-column-wrapper fusion-flex-column-wrapper-legacy\">\n<h2>Location<\/h2>\n<p>Unlock adventure game is taking place on streets of Old Town Zagreb. Start is on the Krvavi most 3, Zagreb.<br \/>\n<iframe style=\"border: 0;\" src=\"https:\/\/www.google.com\/maps\/embed\/v1\/place?q=place_id:ChIJHf1ngALXZUcRWB9a1ZmmkmY&amp;key=AIzaSyBhIAmRqojlleDwh4YkLsYxfaGH2-ouMsk\" width=\"450\" height=\"300\" frameborder=\"0\" allowfullscreen=\"allowfullscreen\"><\/iframe><div class=\"fusion-clearfix\"><\/div><\/div><\/div><\/div><\/div>\n","protected":false},"excerpt":{"rendered":"<p>Unlock Zagreb &#8211; Explore Zagreb in a Playful Urban Adventure! (for up to 100 people)<\/p>\n","protected":false},"author":1,"featured_media":0,"parent":0,"menu_order":0,"comment_status":"closed","ping_status":"closed","template":"","meta":{"footnotes":""},"class_list":["post-1381","page","type-page","status-publish","hentry"],"yoast_head":"<!-- This site is optimized with the Yoast SEO plugin v26.8 - https:\/\/yoast.com\/product\/yoast-seo-wordpress\/ -->\n<title>Activities and Team Buildings in Zagreb - Unlock Zagreb - Escape Room Enigmarium Zagreb<\/title>\n<meta name=\"robots\" content=\"index, follow, max-snippet:-1, max-image-preview:large, max-video-preview:-1\" \/>\n<link rel=\"canonical\" href=\"https:\/\/enigmarium.hr\/en\/activities-teambuildings-in-zagreb-unlock\/\" \/>\n<meta property=\"og:locale\" content=\"en_US\" \/>\n<meta property=\"og:type\" content=\"article\" \/>\n<meta property=\"og:title\" content=\"Activities and Team Buildings in Zagreb - Unlock Zagreb - Escape Room Enigmarium Zagreb\" \/>\n<meta property=\"og:description\" content=\"Unlock Zagreb &#8211; Explore Zagreb in a Playful Urban Adventure! (for up to 100 people)\" \/>\n<meta property=\"og:url\" content=\"https:\/\/enigmarium.hr\/en\/activities-teambuildings-in-zagreb-unlock\/\" \/>\n<meta property=\"og:site_name\" content=\"Escape Room Enigmarium Zagreb\" \/>\n<meta property=\"article:modified_time\" content=\"2020-03-30T08:48:28+00:00\" \/>\n<meta property=\"og:image\" content=\"https:\/\/enigmarium.hr\/wp-content\/uploads\/2015\/10\/Ikea-Logo-120.jpg\" \/>\n<meta name=\"twitter:card\" content=\"summary_large_image\" \/>\n<meta name=\"twitter:label1\" content=\"Est. reading time\" \/>\n\t<meta name=\"twitter:data1\" content=\"3 minutes\" \/>\n<script type=\"application\/ld+json\" class=\"yoast-schema-graph\">{\"@context\":\"https:\/\/schema.org\",\"@graph\":[{\"@type\":\"WebPage\",\"@id\":\"https:\/\/enigmarium.hr\/en\/activities-teambuildings-in-zagreb-unlock\/\",\"url\":\"https:\/\/enigmarium.hr\/en\/activities-teambuildings-in-zagreb-unlock\/\",\"name\":\"Activities and Team Buildings in Zagreb - Unlock Zagreb - Escape Room Enigmarium Zagreb\",\"isPartOf\":{\"@id\":\"https:\/\/enigmarium.hr\/#website\"},\"primaryImageOfPage\":{\"@id\":\"https:\/\/enigmarium.hr\/en\/activities-teambuildings-in-zagreb-unlock\/#primaryimage\"},\"image\":{\"@id\":\"https:\/\/enigmarium.hr\/en\/activities-teambuildings-in-zagreb-unlock\/#primaryimage\"},\"thumbnailUrl\":\"https:\/\/enigmarium.hr\/wp-content\/uploads\/2015\/10\/Ikea-Logo-120.jpg\",\"datePublished\":\"2017-05-23T10:08:23+00:00\",\"dateModified\":\"2020-03-30T08:48:28+00:00\",\"breadcrumb\":{\"@id\":\"https:\/\/enigmarium.hr\/en\/activities-teambuildings-in-zagreb-unlock\/#breadcrumb\"},\"inLanguage\":\"en-US\",\"potentialAction\":[{\"@type\":\"ReadAction\",\"target\":[\"https:\/\/enigmarium.hr\/en\/activities-teambuildings-in-zagreb-unlock\/\"]}]},{\"@type\":\"ImageObject\",\"inLanguage\":\"en-US\",\"@id\":\"https:\/\/enigmarium.hr\/en\/activities-teambuildings-in-zagreb-unlock\/#primaryimage\",\"url\":\"https:\/\/enigmarium.hr\/wp-content\/uploads\/2015\/10\/Ikea-Logo-120.jpg\",\"contentUrl\":\"https:\/\/enigmarium.hr\/wp-content\/uploads\/2015\/10\/Ikea-Logo-120.jpg\"},{\"@type\":\"BreadcrumbList\",\"@id\":\"https:\/\/enigmarium.hr\/en\/activities-teambuildings-in-zagreb-unlock\/#breadcrumb\",\"itemListElement\":[{\"@type\":\"ListItem\",\"position\":1,\"name\":\"Home\",\"item\":\"https:\/\/enigmarium.hr\/en\/\"},{\"@type\":\"ListItem\",\"position\":2,\"name\":\"Activities and Team Buildings in Zagreb &#8211; Unlock Zagreb\"}]},{\"@type\":\"WebSite\",\"@id\":\"https:\/\/enigmarium.hr\/#website\",\"url\":\"https:\/\/enigmarium.hr\/\",\"name\":\"Escape Room Enigmarium Zagreb\",\"description\":\"Escape Room Zagreb Enigmarium\",\"potentialAction\":[{\"@type\":\"SearchAction\",\"target\":{\"@type\":\"EntryPoint\",\"urlTemplate\":\"https:\/\/enigmarium.hr\/?s={search_term_string}\"},\"query-input\":{\"@type\":\"PropertyValueSpecification\",\"valueRequired\":true,\"valueName\":\"search_term_string\"}}],\"inLanguage\":\"en-US\"}]}<\/script>\n<!-- \/ Yoast SEO plugin. -->","yoast_head_json":{"title":"Activities and Team Buildings in Zagreb - Unlock Zagreb - Escape Room Enigmarium Zagreb","robots":{"index":"index","follow":"follow","max-snippet":"max-snippet:-1","max-image-preview":"max-image-preview:large","max-video-preview":"max-video-preview:-1"},"canonical":"https:\/\/enigmarium.hr\/en\/activities-teambuildings-in-zagreb-unlock\/","og_locale":"en_US","og_type":"article","og_title":"Activities and Team Buildings in Zagreb - Unlock Zagreb - Escape Room Enigmarium Zagreb","og_description":"Unlock Zagreb &#8211; Explore Zagreb in a Playful Urban Adventure! (for up to 100 people)","og_url":"https:\/\/enigmarium.hr\/en\/activities-teambuildings-in-zagreb-unlock\/","og_site_name":"Escape Room Enigmarium Zagreb","article_modified_time":"2020-03-30T08:48:28+00:00","og_image":[{"url":"https:\/\/enigmarium.hr\/wp-content\/uploads\/2015\/10\/Ikea-Logo-120.jpg","type":"","width":"","height":""}],"twitter_card":"summary_large_image","twitter_misc":{"Est. reading time":"3 minutes"},"schema":{"@context":"https:\/\/schema.org","@graph":[{"@type":"WebPage","@id":"https:\/\/enigmarium.hr\/en\/activities-teambuildings-in-zagreb-unlock\/","url":"https:\/\/enigmarium.hr\/en\/activities-teambuildings-in-zagreb-unlock\/","name":"Activities and Team Buildings in Zagreb - Unlock Zagreb - Escape Room Enigmarium Zagreb","isPartOf":{"@id":"https:\/\/enigmarium.hr\/#website"},"primaryImageOfPage":{"@id":"https:\/\/enigmarium.hr\/en\/activities-teambuildings-in-zagreb-unlock\/#primaryimage"},"image":{"@id":"https:\/\/enigmarium.hr\/en\/activities-teambuildings-in-zagreb-unlock\/#primaryimage"},"thumbnailUrl":"https:\/\/enigmarium.hr\/wp-content\/uploads\/2015\/10\/Ikea-Logo-120.jpg","datePublished":"2017-05-23T10:08:23+00:00","dateModified":"2020-03-30T08:48:28+00:00","breadcrumb":{"@id":"https:\/\/enigmarium.hr\/en\/activities-teambuildings-in-zagreb-unlock\/#breadcrumb"},"inLanguage":"en-US","potentialAction":[{"@type":"ReadAction","target":["https:\/\/enigmarium.hr\/en\/activities-teambuildings-in-zagreb-unlock\/"]}]},{"@type":"ImageObject","inLanguage":"en-US","@id":"https:\/\/enigmarium.hr\/en\/activities-teambuildings-in-zagreb-unlock\/#primaryimage","url":"https:\/\/enigmarium.hr\/wp-content\/uploads\/2015\/10\/Ikea-Logo-120.jpg","contentUrl":"https:\/\/enigmarium.hr\/wp-content\/uploads\/2015\/10\/Ikea-Logo-120.jpg"},{"@type":"BreadcrumbList","@id":"https:\/\/enigmarium.hr\/en\/activities-teambuildings-in-zagreb-unlock\/#breadcrumb","itemListElement":[{"@type":"ListItem","position":1,"name":"Home","item":"https:\/\/enigmarium.hr\/en\/"},{"@type":"ListItem","position":2,"name":"Activities and Team Buildings in Zagreb &#8211; Unlock Zagreb"}]},{"@type":"WebSite","@id":"https:\/\/enigmarium.hr\/#website","url":"https:\/\/enigmarium.hr\/","name":"Escape Room Enigmarium Zagreb","description":"Escape Room Zagreb Enigmarium","potentialAction":[{"@type":"SearchAction","target":{"@type":"EntryPoint","urlTemplate":"https:\/\/enigmarium.hr\/?s={search_term_string}"},"query-input":{"@type":"PropertyValueSpecification","valueRequired":true,"valueName":"search_term_string"}}],"inLanguage":"en-US"}]}},"_links":{"self":[{"href":"https:\/\/enigmarium.hr\/en\/wp-json\/wp\/v2\/pages\/1381","targetHints":{"allow":["GET"]}}],"collection":[{"href":"https:\/\/enigmarium.hr\/en\/wp-json\/wp\/v2\/pages"}],"about":[{"href":"https:\/\/enigmarium.hr\/en\/wp-json\/wp\/v2\/types\/page"}],"author":[{"embeddable":true,"href":"https:\/\/enigmarium.hr\/en\/wp-json\/wp\/v2\/users\/1"}],"replies":[{"embeddable":true,"href":"https:\/\/enigmarium.hr\/en\/wp-json\/wp\/v2\/comments?post=1381"}],"version-history":[{"count":9,"href":"https:\/\/enigmarium.hr\/en\/wp-json\/wp\/v2\/pages\/1381\/revisions"}],"predecessor-version":[{"id":2282,"href":"https:\/\/enigmarium.hr\/en\/wp-json\/wp\/v2\/pages\/1381\/revisions\/2282"}],"wp:attachment":[{"href":"https:\/\/enigmarium.hr\/en\/wp-json\/wp\/v2\/media?parent=1381"}],"curies":[{"name":"wp","href":"https:\/\/api.w.org\/{rel}","templated":true}]}}