{"id":1302,"date":"2017-05-15T15:31:49","date_gmt":"2017-05-15T13:31:49","guid":{"rendered":"http:\/\/enigmarium.hr\/?page_id=1302"},"modified":"2024-07-19T14:21:01","modified_gmt":"2024-07-19T12:21:01","slug":"fun-things-to-do-in-zagreb-unlock","status":"publish","type":"page","link":"https:\/\/enigmarium.hr\/en\/fun-things-to-do-in-zagreb-unlock\/","title":{"rendered":"Unlock Zagreb &#8211; Fun Things to do in Zagreb"},"content":{"rendered":"<p><div class=\"fusion-fullwidth fullwidth-box fusion-builder-row-1 hundred-percent-fullwidth non-hundred-percent-height-scrolling\" style=\"--awb-border-radius-top-left:0px;--awb-border-radius-top-right:0px;--awb-border-radius-bottom-right:0px;--awb-border-radius-bottom-left:0px;--awb-overflow:visible;--awb-margin-top:20px;--awb-margin-bottom:20px;--awb-background-color:rgba(255,255,255,0);--awb-flex-wrap:wrap;\" ><div class=\"fusion-builder-row fusion-row\"><div class=\"fusion-layout-column fusion_builder_column fusion-builder-column-0 fusion_builder_column_1_1 1_1 fusion-one-full fusion-column-first fusion-column-last fusion-column-no-min-height\" style=\"--awb-bg-blend:overlay;--awb-bg-size:cover;--awb-margin-bottom:0px;\"><div class=\"fusion-column-wrapper fusion-flex-column-wrapper-legacy\"><div class=\"fusion-text fusion-text-1\"><p><img decoding=\"async\" class=\"wp-image-1299 alignleft\" src=\"https:\/\/enigmarium.hr\/wp-content\/uploads\/2017\/04\/unlock-zagreb-logo-transparent-600px.png\" alt=\"Unlock Zagreb - teambuilding aktivnost za male i velike firme\" width=\"450\" height=\"180\" srcset=\"https:\/\/enigmarium.hr\/wp-content\/uploads\/2017\/04\/unlock-zagreb-logo-transparent-600px-200x80.png 200w, https:\/\/enigmarium.hr\/wp-content\/uploads\/2017\/04\/unlock-zagreb-logo-transparent-600px-300x120.png 300w, https:\/\/enigmarium.hr\/wp-content\/uploads\/2017\/04\/unlock-zagreb-logo-transparent-600px-400x160.png 400w, https:\/\/enigmarium.hr\/wp-content\/uploads\/2017\/04\/unlock-zagreb-logo-transparent-600px.png 600w\" sizes=\"(max-width: 450px) 100vw, 450px\" \/><\/p>\n<\/div><div class=\"fusion-sep-clear\"><\/div><div class=\"fusion-separator fusion-full-width-sep\" style=\"margin-left: auto;margin-right: auto;width:100%;\"><\/div><div class=\"fusion-sep-clear\"><\/div><div class=\"fusion-text fusion-text-2\"><h1>Unlock Zagreb \u2013 Explore Zagreb in a Playful Urban Adventure!<\/h1>\n<\/div><div class=\"fusion-reading-box-container reading-box-container-1 fusion-animated\" style=\"--awb-title-color:#f24a24;--awb-margin-top:5px;--awb-margin-bottom:25px;\" data-animationType=\"slideInLeft\" data-animationDuration=\"0.5\" data-animationOffset=\"top-into-view\" id=\"opozorilo\"><div class=\"reading-box\" style=\"background-color:#646464;border-width:1px;border-color:#646464;border-left-width:3px;border-left-color:var(--primary_color);border-style:solid;\"><div class=\"fusion-reading-box-flex\"><h2>If your desired time is not available and you can't book another time slot, please call +385 1 581 04 01. Sometimes we can make magic \ud83d\ude42<\/h2><\/div><\/div><\/div><div class=\"fusion-clearfix\"><\/div><\/div><\/div><\/div><\/div><div class=\"fusion-fullwidth fullwidth-box fusion-builder-row-2 hundred-percent-fullwidth non-hundred-percent-height-scrolling\" style=\"--awb-border-radius-top-left:0px;--awb-border-radius-top-right:0px;--awb-border-radius-bottom-right:0px;--awb-border-radius-bottom-left:0px;--awb-overflow:visible;--awb-margin-top:20px;--awb-margin-bottom:20px;--awb-background-color:rgba(255,255,255,0);--awb-flex-wrap:wrap;\" ><div class=\"fusion-builder-row fusion-row\"><div class=\"fusion-layout-column fusion_builder_column fusion-builder-column-1 fusion_builder_column_1_3 1_3 fusion-one-third fusion-column-first fusion-column-no-min-height\" style=\"--awb-bg-blend:overlay;--awb-bg-size:cover;--awb-margin-bottom:0px;width:30.6666%; margin-right: 4%;\"><div class=\"fusion-column-wrapper fusion-flex-column-wrapper-legacy\"><div class=\"fusion-text fusion-text-3\"><h2 style=\"text-align: center;\">Story<\/h2>\n<h4>Have you ever heard of the Bloody Bridge (Krvavi Most)? It was named after the fierce battles fought between the two neighbouring settlements, the diocesan Kaptol and the free royal settlement of Gradec (or Gri\u010d). It is also linked to the legend of the Duchess Ru\u017eica Gising and the Knight Pavo Slavini\u0107. Do you dare to undergo six tests of chivalry that will show whether or not you\u2019ve got what it takes to be a knight?<\/h4>\n<\/div><div class=\"fusion-clearfix\"><\/div><\/div><\/div><div class=\"fusion-layout-column fusion_builder_column fusion-builder-column-2 fusion_builder_column_1_3 1_3 fusion-one-third fusion-column-no-min-height\" style=\"--awb-bg-blend:overlay;--awb-bg-size:cover;--awb-margin-bottom:0px;width:30.6666%; margin-right: 4%;\"><div class=\"fusion-column-wrapper fusion-flex-column-wrapper-legacy\"><div class=\"fusion-text fusion-text-4\" style=\"--awb-text-transform:none;\"><h2 class=\"fusion-responsive-typography-calculated\" style=\"text-align: center; --fontsize: 18; line-height: 1.5; --minfontsize: 18;\" data-fontsize=\"18\" data-lineheight=\"27px\">Price<\/h2>\n<h4 class=\"\" style=\"text-align: center;\" data-fontsize=\"13\" data-lineheight=\"20.02px\">The price is 75 EUR. This includes a visit to one of the rooms for a group of participants (min 2 and max 5 people), choose the day and time and book an appointment via the booking system below:<\/h4>\n<ol>\n<li><strong>Choose<\/strong> a day and <strong>book<\/strong> available session<\/li>\n<li>Enter your contacting data<\/li>\n<li>Choose payment method &#8211; you can pay later at the spot (it&#8217;s possible to pay with cash or credit card)<\/li>\n<\/ol>\n<\/div><div class=\"fusion-clearfix\"><\/div><\/div><\/div><div class=\"fusion-layout-column fusion_builder_column fusion-builder-column-3 fusion_builder_column_1_3 1_3 fusion-one-third fusion-column-last fusion-column-no-min-height\" style=\"--awb-bg-blend:overlay;--awb-bg-size:cover;--awb-margin-bottom:0px;width:30.6666%;\"><div class=\"fusion-column-wrapper fusion-flex-column-wrapper-legacy\"><div class=\"fusion-text fusion-text-5\"><h2 style=\"text-align: center;\">Enigmarium Zagreb<\/h2>\n<h4 style=\"text-align: center;\">You can choose one of these rooms:<\/h4>\n<div style=\"text-align: center;\"><a href=\"https:\/\/enigmarium.hr\/en\/the-mysterious-case-of-the-zagreb-witch\">&gt; The Mysterious Case of the Zagreb Witch<\/a><br \/>\n<a href=\"https:\/\/enigmarium.hr\/en\/femme-fatale\/\">&gt; Femme Fatale<\/a><br \/>\n<a href=\"https:\/\/enigmarium.hr\/en\/fun-things-to-do-in-zagreb-unlock\/\">&gt; Unlock Zagreb<\/a><\/div>\n<\/div><div class=\"fusion-clearfix\"><\/div><\/div><\/div><div class=\"fusion-layout-column fusion_builder_column fusion-builder-column-4 fusion_builder_column_1_1 1_1 fusion-one-full fusion-column-first fusion-column-last\" style=\"--awb-bg-size:cover;\"><div class=\"fusion-column-wrapper fusion-column-has-shadow fusion-flex-column-wrapper-legacy\"><div class=\"fusion-sep-clear\"><\/div><div class=\"fusion-separator fusion-full-width-sep\" style=\"margin-left: auto;margin-right: auto;margin-top:25px;width:100%;\"><div class=\"fusion-separator-border sep-single sep-solid\" style=\"--awb-height:20px;--awb-amount:20px;--awb-sep-color:#dbdbdb;border-color:#dbdbdb;border-top-width:1px;\"><\/div><\/div><div class=\"fusion-sep-clear\"><\/div><div class=\"fusion-clearfix\"><\/div><\/div><\/div><\/div><\/div><div class=\"fusion-fullwidth fullwidth-box fusion-builder-row-3 hundred-percent-fullwidth non-hundred-percent-height-scrolling\" style=\"--awb-border-radius-top-left:0px;--awb-border-radius-top-right:0px;--awb-border-radius-bottom-right:0px;--awb-border-radius-bottom-left:0px;--awb-overflow:visible;--awb-margin-top:20px;--awb-margin-bottom:20px;--awb-background-color:rgba(255,255,255,0);--awb-flex-wrap:wrap;\" ><div class=\"fusion-builder-row fusion-row\"><div class=\"fusion-layout-column fusion_builder_column fusion-builder-column-5 fusion_builder_column_1_2 1_2 fusion-one-half fusion-column-first\" style=\"--awb-bg-blend:overlay;--awb-bg-size:cover;width:48%; margin-right: 4%;\"><div class=\"fusion-column-wrapper fusion-flex-column-wrapper-legacy\"><div class=\"fusion-text fusion-text-6\"><h4 data-fontsize=\"13\" style=\"--fontSize: 13; line-height: 1.54; --minFontSize: 13;\" data-lineheight=\"20.02px\" class=\"fusion-responsive-typography-calculated\">Appointment reservations are required as Escape Room Enigmarium\u00ae opens its doors only for pre-booked appointments. If you want to book an appointment that starts in less than 3 hours, please call us.<\/h4>\n<h4 data-fontsize=\"13\" style=\"--fontSize: 13; line-height: 1.54; --minFontSize: 13;\" data-lineheight=\"20.02px\" class=\"fusion-responsive-typography-calculated\"><\/h4>\n<\/div><div class=\"fusion-text fusion-text-7\"><h4>You will literally escape from a room in this completely new game with all the favourite elements of an \u201cescape room\u201d adventure \u2013 but this time in the fresh air!<br \/>\nHere is a unique adventure that takes place entirely outdoors, in the streets of the old town centre of Zagreb, in which through solving riddles and puzzles you\u2019ll learn little-known secrets of the city, discover surprises and have great fun!<\/h4>\n<\/div><div class=\"fusion-clearfix\"><\/div><\/div><\/div><div class=\"fusion-layout-column fusion_builder_column fusion-builder-column-6 fusion_builder_column_1_2 1_2 fusion-one-half fusion-column-last\" style=\"--awb-bg-blend:overlay;--awb-bg-size:cover;width:48%;\"><div class=\"fusion-column-wrapper fusion-flex-column-wrapper-legacy\"><div class=\"fusion-sep-clear\"><\/div><div class=\"fusion-separator fusion-full-width-sep\" style=\"margin-left: auto;margin-right: auto;margin-bottom:15px;width:100%;\"><\/div><div class=\"fusion-sep-clear\"><\/div><div class=\"fusion-slider-sc fusion-flexslider-loading flexslider flexslider-hover-type-liftup\" data-slideshow_autoplay=\"1\" data-slideshow_smooth_height=\"0\" data-slideshow_speed=\"7000\" style=\"max-width:100%;height:100%;\"><ul class=\"slides\"><li class=\"image\"><span class=\"fusion-image-hover-element hover-type-liftup\"><img decoding=\"async\" src=\"https:\/\/enigmarium.hr\/wp-content\/uploads\/2017\/04\/Escape-room-Zagreb-unlock-mala.jpg\" width=\"600\" height=\"468\" \/><\/span><\/li><li class=\"image\"><span class=\"fusion-image-hover-element hover-type-liftup\"><img decoding=\"async\" src=\"https:\/\/enigmarium.hr\/wp-content\/uploads\/2015\/06\/unlock-zagreb-hompege-slider.jpg\" width=\"576\" height=\"384\" \/><\/span><\/li><li class=\"image\"><span class=\"fusion-image-hover-element hover-type-liftup\"><img decoding=\"async\" src=\"https:\/\/enigmarium.hr\/wp-content\/uploads\/2018\/11\/unlock-mala-650px.jpg\" width=\"650\" height=\"433\" \/><\/span><\/li><li class=\"image\"><span class=\"fusion-image-hover-element hover-type-liftup\"><img decoding=\"async\" src=\"https:\/\/enigmarium.hr\/wp-content\/uploads\/2015\/06\/unlock-slider-hp-mala.jpg\" width=\"480\" height=\"320\" \/><\/span><\/li><li class=\"image\"><span class=\"fusion-image-hover-element hover-type-liftup\"><img decoding=\"async\" src=\"https:\/\/enigmarium.hr\/wp-content\/uploads\/2015\/06\/unlock-mala-grupa-fb.jpg\" width=\"1024\" height=\"683\" \/><\/span><\/li><\/ul><\/div><div class=\"fusion-clearfix\"><\/div><\/div><\/div><div class=\"fusion-layout-column fusion_builder_column fusion-builder-column-7 fusion_builder_column_1_1 1_1 fusion-one-full fusion-column-first fusion-column-last\" style=\"--awb-bg-blend:overlay;--awb-bg-size:cover;\"><div class=\"fusion-column-wrapper fusion-flex-column-wrapper-legacy\"><div class=\"fusion-reading-box-container reading-box-container-2 fusion-animated\" style=\"--awb-title-color:#f24a24;--awb-margin-top:5px;--awb-margin-bottom:25px;\" data-animationType=\"slideInLeft\" data-animationDuration=\"0.5\" data-animationOffset=\"top-into-view\" id=\"opozorilo\"><div class=\"reading-box\" style=\"background-color:#646464;border-width:1px;border-color:#646464;border-left-width:3px;border-left-color:var(--primary_color);border-style:solid;\"><div class=\"fusion-reading-box-flex\"><h2>GREAT TEAMBUILDING - UNLOCK game can be arranged in advance for a greater number of players (up to 100) at the same time. For more information call us at +385 1 581 04 01 or send an email to info@enigmarium.hr<\/h2><\/div><\/div><\/div><div class=\"fusion-sep-clear\"><\/div><div class=\"fusion-separator fusion-full-width-sep\" style=\"margin-left: auto;margin-right: auto;margin-bottom:25px;width:100%;\"><\/div><div class=\"fusion-sep-clear\"><\/div><script src=\"\/\/widget.simplybook.it\/v2\/widget\/widget.js\"><\/script>\n<script>var widget = new SimplybookWidget({\"widget_type\":\"iframe\",\"url\":\"https:\\\/\\\/zagrebenigmarium.simplybook.it\",\"theme\":\"default\",\"theme_settings\":{\"timeline_hide_unavailable\":\"1\",\"hide_past_days\":\"0\",\"timeline_show_end_time\":\"0\",\"timeline_modern_display\":\"as_slots\",\"sb_base_color\":\"#f24a24\",\"display_item_mode\":\"block\",\"booking_nav_bg_color\":\"#948c8a\",\"body_bg_color\":\"#f7f7f7\",\"sb_review_image\":\"\",\"dark_font_color\":\"#494949\",\"light_font_color\":\"#ffffff\",\"btn_color_1\":\"#75ab6c\",\"sb_company_label_color\":\"#ffffff\",\"hide_img_mode\":\"0\",\"show_sidebar\":\"1\",\"sb_busy\":\"#dad2ce\",\"sb_available\":\"#75ab6c\"},\"timeline\":\"modern\",\"datepicker\":\"top_calendar\",\"is_rtl\":false,\"app_config\":{\"allow_switch_to_ada\":0,\"predefined\":{\"provider\":\"3\",\"service\":\"1\"}}});<\/script><div class=\"fusion-clearfix\"><\/div><\/div><\/div><\/div><\/div><\/p>\n","protected":false},"excerpt":{"rendered":"","protected":false},"author":4,"featured_media":0,"parent":0,"menu_order":0,"comment_status":"closed","ping_status":"closed","template":"","meta":{"footnotes":""},"class_list":["post-1302","page","type-page","status-publish","hentry"],"yoast_head":"<!-- This site is optimized with the Yoast SEO plugin v26.8 - https:\/\/yoast.com\/product\/yoast-seo-wordpress\/ -->\n<title>Unlock Zagreb - Fun Things to do in Zagreb - Escape Room Enigmarium Zagreb<\/title>\n<meta name=\"robots\" content=\"index, follow, max-snippet:-1, max-image-preview:large, max-video-preview:-1\" \/>\n<link rel=\"canonical\" href=\"https:\/\/enigmarium.hr\/en\/fun-things-to-do-in-zagreb-unlock\/\" \/>\n<meta property=\"og:locale\" content=\"en_US\" \/>\n<meta property=\"og:type\" content=\"article\" \/>\n<meta property=\"og:title\" content=\"Unlock Zagreb - Fun Things to do in Zagreb - Escape Room Enigmarium Zagreb\" \/>\n<meta property=\"og:url\" content=\"https:\/\/enigmarium.hr\/en\/fun-things-to-do-in-zagreb-unlock\/\" \/>\n<meta property=\"og:site_name\" content=\"Escape Room Enigmarium Zagreb\" \/>\n<meta property=\"article:modified_time\" content=\"2024-07-19T12:21:01+00:00\" \/>\n<meta property=\"og:image\" content=\"https:\/\/enigmarium.hr\/wp-content\/uploads\/2017\/04\/unlock-zagreb-logo-transparent-600px.png\" \/>\n<meta name=\"twitter:card\" content=\"summary_large_image\" \/>\n<meta name=\"twitter:label1\" content=\"Est. reading time\" \/>\n\t<meta name=\"twitter:data1\" content=\"4 minutes\" \/>\n<script type=\"application\/ld+json\" class=\"yoast-schema-graph\">{\"@context\":\"https:\/\/schema.org\",\"@graph\":[{\"@type\":\"WebPage\",\"@id\":\"https:\/\/enigmarium.hr\/en\/fun-things-to-do-in-zagreb-unlock\/\",\"url\":\"https:\/\/enigmarium.hr\/en\/fun-things-to-do-in-zagreb-unlock\/\",\"name\":\"Unlock Zagreb - Fun Things to do in Zagreb - Escape Room Enigmarium Zagreb\",\"isPartOf\":{\"@id\":\"https:\/\/enigmarium.hr\/#website\"},\"primaryImageOfPage\":{\"@id\":\"https:\/\/enigmarium.hr\/en\/fun-things-to-do-in-zagreb-unlock\/#primaryimage\"},\"image\":{\"@id\":\"https:\/\/enigmarium.hr\/en\/fun-things-to-do-in-zagreb-unlock\/#primaryimage\"},\"thumbnailUrl\":\"https:\/\/enigmarium.hr\/wp-content\/uploads\/2017\/04\/unlock-zagreb-logo-transparent-600px.png\",\"datePublished\":\"2017-05-15T13:31:49+00:00\",\"dateModified\":\"2024-07-19T12:21:01+00:00\",\"breadcrumb\":{\"@id\":\"https:\/\/enigmarium.hr\/en\/fun-things-to-do-in-zagreb-unlock\/#breadcrumb\"},\"inLanguage\":\"en-US\",\"potentialAction\":[{\"@type\":\"ReadAction\",\"target\":[\"https:\/\/enigmarium.hr\/en\/fun-things-to-do-in-zagreb-unlock\/\"]}]},{\"@type\":\"ImageObject\",\"inLanguage\":\"en-US\",\"@id\":\"https:\/\/enigmarium.hr\/en\/fun-things-to-do-in-zagreb-unlock\/#primaryimage\",\"url\":\"https:\/\/enigmarium.hr\/wp-content\/uploads\/2017\/04\/unlock-zagreb-logo-transparent-600px.png\",\"contentUrl\":\"https:\/\/enigmarium.hr\/wp-content\/uploads\/2017\/04\/unlock-zagreb-logo-transparent-600px.png\"},{\"@type\":\"BreadcrumbList\",\"@id\":\"https:\/\/enigmarium.hr\/en\/fun-things-to-do-in-zagreb-unlock\/#breadcrumb\",\"itemListElement\":[{\"@type\":\"ListItem\",\"position\":1,\"name\":\"Home\",\"item\":\"https:\/\/enigmarium.hr\/en\/\"},{\"@type\":\"ListItem\",\"position\":2,\"name\":\"Unlock Zagreb &#8211; Fun Things to do in Zagreb\"}]},{\"@type\":\"WebSite\",\"@id\":\"https:\/\/enigmarium.hr\/#website\",\"url\":\"https:\/\/enigmarium.hr\/\",\"name\":\"Escape Room Enigmarium Zagreb\",\"description\":\"Escape Room Zagreb Enigmarium\",\"potentialAction\":[{\"@type\":\"SearchAction\",\"target\":{\"@type\":\"EntryPoint\",\"urlTemplate\":\"https:\/\/enigmarium.hr\/?s={search_term_string}\"},\"query-input\":{\"@type\":\"PropertyValueSpecification\",\"valueRequired\":true,\"valueName\":\"search_term_string\"}}],\"inLanguage\":\"en-US\"}]}<\/script>\n<!-- \/ Yoast SEO plugin. -->","yoast_head_json":{"title":"Unlock Zagreb - Fun Things to do in Zagreb - Escape Room Enigmarium Zagreb","robots":{"index":"index","follow":"follow","max-snippet":"max-snippet:-1","max-image-preview":"max-image-preview:large","max-video-preview":"max-video-preview:-1"},"canonical":"https:\/\/enigmarium.hr\/en\/fun-things-to-do-in-zagreb-unlock\/","og_locale":"en_US","og_type":"article","og_title":"Unlock Zagreb - Fun Things to do in Zagreb - Escape Room Enigmarium Zagreb","og_url":"https:\/\/enigmarium.hr\/en\/fun-things-to-do-in-zagreb-unlock\/","og_site_name":"Escape Room Enigmarium Zagreb","article_modified_time":"2024-07-19T12:21:01+00:00","og_image":[{"url":"https:\/\/enigmarium.hr\/wp-content\/uploads\/2017\/04\/unlock-zagreb-logo-transparent-600px.png","type":"","width":"","height":""}],"twitter_card":"summary_large_image","twitter_misc":{"Est. reading time":"4 minutes"},"schema":{"@context":"https:\/\/schema.org","@graph":[{"@type":"WebPage","@id":"https:\/\/enigmarium.hr\/en\/fun-things-to-do-in-zagreb-unlock\/","url":"https:\/\/enigmarium.hr\/en\/fun-things-to-do-in-zagreb-unlock\/","name":"Unlock Zagreb - Fun Things to do in Zagreb - Escape Room Enigmarium Zagreb","isPartOf":{"@id":"https:\/\/enigmarium.hr\/#website"},"primaryImageOfPage":{"@id":"https:\/\/enigmarium.hr\/en\/fun-things-to-do-in-zagreb-unlock\/#primaryimage"},"image":{"@id":"https:\/\/enigmarium.hr\/en\/fun-things-to-do-in-zagreb-unlock\/#primaryimage"},"thumbnailUrl":"https:\/\/enigmarium.hr\/wp-content\/uploads\/2017\/04\/unlock-zagreb-logo-transparent-600px.png","datePublished":"2017-05-15T13:31:49+00:00","dateModified":"2024-07-19T12:21:01+00:00","breadcrumb":{"@id":"https:\/\/enigmarium.hr\/en\/fun-things-to-do-in-zagreb-unlock\/#breadcrumb"},"inLanguage":"en-US","potentialAction":[{"@type":"ReadAction","target":["https:\/\/enigmarium.hr\/en\/fun-things-to-do-in-zagreb-unlock\/"]}]},{"@type":"ImageObject","inLanguage":"en-US","@id":"https:\/\/enigmarium.hr\/en\/fun-things-to-do-in-zagreb-unlock\/#primaryimage","url":"https:\/\/enigmarium.hr\/wp-content\/uploads\/2017\/04\/unlock-zagreb-logo-transparent-600px.png","contentUrl":"https:\/\/enigmarium.hr\/wp-content\/uploads\/2017\/04\/unlock-zagreb-logo-transparent-600px.png"},{"@type":"BreadcrumbList","@id":"https:\/\/enigmarium.hr\/en\/fun-things-to-do-in-zagreb-unlock\/#breadcrumb","itemListElement":[{"@type":"ListItem","position":1,"name":"Home","item":"https:\/\/enigmarium.hr\/en\/"},{"@type":"ListItem","position":2,"name":"Unlock Zagreb &#8211; Fun Things to do in Zagreb"}]},{"@type":"WebSite","@id":"https:\/\/enigmarium.hr\/#website","url":"https:\/\/enigmarium.hr\/","name":"Escape Room Enigmarium Zagreb","description":"Escape Room Zagreb Enigmarium","potentialAction":[{"@type":"SearchAction","target":{"@type":"EntryPoint","urlTemplate":"https:\/\/enigmarium.hr\/?s={search_term_string}"},"query-input":{"@type":"PropertyValueSpecification","valueRequired":true,"valueName":"search_term_string"}}],"inLanguage":"en-US"}]}},"_links":{"self":[{"href":"https:\/\/enigmarium.hr\/en\/wp-json\/wp\/v2\/pages\/1302","targetHints":{"allow":["GET"]}}],"collection":[{"href":"https:\/\/enigmarium.hr\/en\/wp-json\/wp\/v2\/pages"}],"about":[{"href":"https:\/\/enigmarium.hr\/en\/wp-json\/wp\/v2\/types\/page"}],"author":[{"embeddable":true,"href":"https:\/\/enigmarium.hr\/en\/wp-json\/wp\/v2\/users\/4"}],"replies":[{"embeddable":true,"href":"https:\/\/enigmarium.hr\/en\/wp-json\/wp\/v2\/comments?post=1302"}],"version-history":[{"count":33,"href":"https:\/\/enigmarium.hr\/en\/wp-json\/wp\/v2\/pages\/1302\/revisions"}],"predecessor-version":[{"id":2893,"href":"https:\/\/enigmarium.hr\/en\/wp-json\/wp\/v2\/pages\/1302\/revisions\/2893"}],"wp:attachment":[{"href":"https:\/\/enigmarium.hr\/en\/wp-json\/wp\/v2\/media?parent=1302"}],"curies":[{"name":"wp","href":"https:\/\/api.w.org\/{rel}","templated":true}]}}